{"id":1131,"date":"2026-01-21T13:34:39","date_gmt":"2026-01-21T13:34:39","guid":{"rendered":"https:\/\/noemistaniszewska.pl\/?page_id=1131"},"modified":"2026-03-14T13:28:46","modified_gmt":"2026-03-14T13:28:46","slug":"wystawy","status":"publish","type":"page","link":"https:\/\/noemistaniszewska.pl\/index.php\/wystawy\/","title":{"rendered":"Wystawy"},"content":{"rendered":"\t\t<div data-elementor-type=\"wp-page\" data-elementor-id=\"1131\" class=\"elementor elementor-1131\">\n\t\t\t\t\t\t<section class=\"elementor-section elementor-top-section elementor-element elementor-element-4cebedfd elementor-section-boxed elementor-section-height-default elementor-section-height-default\" data-id=\"4cebedfd\" data-element_type=\"section\" data-e-type=\"section\">\n\t\t\t\t\t\t<div class=\"elementor-container elementor-column-gap-default\">\n\t\t\t\t\t<div class=\"elementor-column elementor-col-100 elementor-top-column elementor-element elementor-element-3bcb0b76\" data-id=\"3bcb0b76\" data-element_type=\"column\" data-e-type=\"column\">\n\t\t\t<div class=\"elementor-widget-wrap elementor-element-populated\">\n\t\t\t\t\t\t<div class=\"elementor-element elementor-element-7235bd49 elementor-widget elementor-widget-text-editor\" data-id=\"7235bd49\" data-element_type=\"widget\" data-e-type=\"widget\" data-widget_type=\"text-editor.default\">\n\t\t\t\t<div class=\"elementor-widget-container\">\n\t\t\t\t\t\t\t\t\t[:pl]\n<div id=\"wp-block-themeisle-blocks-advanced-columns-74be0022\" class=\"wp-block-themeisle-blocks-advanced-columns has-0-columns has-desktop-undefined-layout has-tablet-equal-layout has-mobile-equal-layout has-vertical-unset\"><div class=\"wp-block-themeisle-blocks-advanced-columns-overlay\"><\/div><div class=\"innerblocks-wrap\"><\/div><\/div>\n\n\n\n<p><\/p>\n[:]\t\t\t\t\t\t\t\t<\/div>\n\t\t\t\t<\/div>\n\t\t\t\t\t<\/div>\n\t\t<\/div>\n\t\t\t\t\t<\/div>\n\t\t<\/section>\n\t\t\t\t<section class=\"elementor-section elementor-top-section elementor-element elementor-element-1fff294 elementor-section-boxed elementor-section-height-default elementor-section-height-default\" data-id=\"1fff294\" data-element_type=\"section\" data-e-type=\"section\">\n\t\t\t\t\t\t<div class=\"elementor-container elementor-column-gap-default\">\n\t\t\t\t\t<div class=\"elementor-column elementor-col-25 elementor-top-column elementor-element elementor-element-f16ff85\" data-id=\"f16ff85\" data-element_type=\"column\" data-e-type=\"column\">\n\t\t\t<div class=\"elementor-widget-wrap elementor-element-populated\">\n\t\t\t\t\t\t<div class=\"elementor-element elementor-element-2a540f8 elementor-widget elementor-widget-image\" data-id=\"2a540f8\" data-element_type=\"widget\" data-e-type=\"widget\" data-widget_type=\"image.default\">\n\t\t\t\t<div class=\"elementor-widget-container\">\n\t\t\t\t\t\t\t\t\t\t\t\t\t\t\t\t<a href=\"https:\/\/noemistaniszewska.pl\/index.php\/szybowce-wystawa\/\">\n\t\t\t\t\t\t\t<img fetchpriority=\"high\" decoding=\"async\" width=\"433\" height=\"400\" src=\"https:\/\/noemistaniszewska.pl\/wp-content\/uploads\/2026\/01\/szybowce_staniszewska_1-433x400.jpg\" class=\"attachment-anima-lpbox-2 size-anima-lpbox-2 wp-image-1126\" alt=\"\" \/>\t\t\t\t\t\t\t\t<\/a>\n\t\t\t\t\t\t\t\t\t\t\t\t\t\t\t<\/div>\n\t\t\t\t<\/div>\n\t\t\t\t<div class=\"elementor-element elementor-element-4658b53 elementor-widget elementor-widget-heading\" data-id=\"4658b53\" data-element_type=\"widget\" data-e-type=\"widget\" data-widget_type=\"heading.default\">\n\t\t\t\t<div class=\"elementor-widget-container\">\n\t\t\t\t\t<div class=\"elementor-heading-title elementor-size-default\"><a href=\"https:\/\/noemistaniszewska.pl\/index.php\/szybowce-wystawa\/\"><h3>Szybowce\n<h6>Teatr Boto, Sopot<br>\n<h6>6 kwietnia - 6 maja 2025<\/a><\/div>\t\t\t\t<\/div>\n\t\t\t\t<\/div>\n\t\t\t\t<div class=\"elementor-element elementor-element-7e93711 elementor-widget elementor-widget-text-editor\" data-id=\"7e93711\" data-element_type=\"widget\" data-e-type=\"widget\" data-widget_type=\"text-editor.default\">\n\t\t\t\t<div class=\"elementor-widget-container\">\n\t\t\t\t\t\t\t\t\t<p>Wystawa o szybach \u2013 jako granicach, lustrach i oknach na \u015bwiat. Obejmowa\u0142a obrazy z dw\u00f3ch cykl\u00f3w: <em><a href=\"http:\/\/noemistaniszewska.pl\/index.php\/okna\/\">Okna<\/a><\/em> i <a href=\"https:\/\/noemistaniszewska.pl\/index.php\/wierzowce\/\"><em>Wierzowce<\/em><\/a>. Opowiada\u0142a o relacji mi\u0119dzy intymno\u015bci\u0105 a przestrzeni\u0105 publiczn\u0105, codzienno\u015bci\u0105 a \u015bwiatem zawodowym.<\/p>\t\t\t\t\t\t\t\t<\/div>\n\t\t\t\t<\/div>\n\t\t\t\t\t<\/div>\n\t\t<\/div>\n\t\t\t\t<div class=\"elementor-column elementor-col-25 elementor-top-column elementor-element elementor-element-60e01b5\" data-id=\"60e01b5\" data-element_type=\"column\" data-e-type=\"column\">\n\t\t\t<div class=\"elementor-widget-wrap elementor-element-populated\">\n\t\t\t\t\t\t<div class=\"elementor-element elementor-element-9a590f0 elementor-widget elementor-widget-image\" data-id=\"9a590f0\" data-element_type=\"widget\" data-e-type=\"widget\" data-widget_type=\"image.default\">\n\t\t\t\t<div class=\"elementor-widget-container\">\n\t\t\t\t\t\t\t\t\t\t\t\t\t\t\t\t<a href=\"http:\/\/noemistaniszewska.pl\/index.php\/wierzowce-wystawa\/\">\n\t\t\t\t\t\t\t<img decoding=\"async\" width=\"433\" height=\"400\" src=\"https:\/\/noemistaniszewska.pl\/wp-content\/uploads\/2026\/02\/wierzowce_wystawa-433x400.jpg\" class=\"attachment-anima-lpbox-2 size-anima-lpbox-2 wp-image-1252\" alt=\"\" \/>\t\t\t\t\t\t\t\t<\/a>\n\t\t\t\t\t\t\t\t\t\t\t\t\t\t\t<\/div>\n\t\t\t\t<\/div>\n\t\t\t\t<div class=\"elementor-element elementor-element-c371c8f elementor-widget elementor-widget-heading\" data-id=\"c371c8f\" data-element_type=\"widget\" data-e-type=\"widget\" data-widget_type=\"heading.default\">\n\t\t\t\t<div class=\"elementor-widget-container\">\n\t\t\t\t\t<div class=\"elementor-heading-title elementor-size-default\"><a href=\"http:\/\/noemistaniszewska.pl\/index.php\/wierzowce-wystawa\/\"><h3>Wierzowce\n<h6>Tryton Business House, Gda\u0144sk<br>\n<h6>1 lipca - 30 wrze\u015bnia 2023<\/a><\/div>\t\t\t\t<\/div>\n\t\t\t\t<\/div>\n\t\t\t\t<div class=\"elementor-element elementor-element-f0d22dc elementor-widget elementor-widget-text-editor\" data-id=\"f0d22dc\" data-element_type=\"widget\" data-e-type=\"widget\" data-widget_type=\"text-editor.default\">\n\t\t\t\t<div class=\"elementor-widget-container\">\n\t\t\t\t\t\t\t\t\t<p><span style=\"font-family: Roboto, sans-serif; font-size: 15px; font-style: normal; font-variant-ligatures: normal; font-variant-caps: normal; font-weight: 400; text-align: start;\">Architektura drapaczy chmur jako pretekst do rozwa\u017ca\u0144 na temat roli pracy w \u017cyciu cz\u0142owieka. Wystawa zako\u0144czona obron\u0105 pracy doktorskiej<\/span> <a title=\"Pobierz rozpraw\u0119 w pliku pdf\" href=\"https:\/\/noemistaniszewska.pl\/wp-content\/uploads\/2023\/12\/Wierzowce_Noemi_Staniszewska_PL.pdf\"><em>Wierzowce \u2013 Czy cz\u0142owiek mo\u017ce nie pracowa\u0107?<\/em><\/a><\/p>\t\t\t\t\t\t\t\t<\/div>\n\t\t\t\t<\/div>\n\t\t\t\t\t<\/div>\n\t\t<\/div>\n\t\t\t\t<div class=\"elementor-column elementor-col-25 elementor-top-column elementor-element elementor-element-4ba3eaa\" data-id=\"4ba3eaa\" data-element_type=\"column\" data-e-type=\"column\">\n\t\t\t<div class=\"elementor-widget-wrap elementor-element-populated\">\n\t\t\t\t\t\t<div class=\"elementor-element elementor-element-ab3b45d elementor-widget elementor-widget-image\" data-id=\"ab3b45d\" data-element_type=\"widget\" data-e-type=\"widget\" data-widget_type=\"image.default\">\n\t\t\t\t<div class=\"elementor-widget-container\">\n\t\t\t\t\t\t\t\t\t\t\t\t\t\t\t\t<a href=\"http:\/\/ka.pl\/index.php\/refleksy-wystawa\/\">\n\t\t\t\t\t\t\t<img decoding=\"async\" width=\"433\" height=\"400\" src=\"https:\/\/noemistaniszewska.pl\/wp-content\/uploads\/2026\/02\/refleksy_wystawa-433x400.png\" class=\"attachment-anima-lpbox-2 size-anima-lpbox-2 wp-image-1253\" alt=\"\" \/>\t\t\t\t\t\t\t\t<\/a>\n\t\t\t\t\t\t\t\t\t\t\t\t\t\t\t<\/div>\n\t\t\t\t<\/div>\n\t\t\t\t<div class=\"elementor-element elementor-element-866d068 elementor-widget elementor-widget-heading\" data-id=\"866d068\" data-element_type=\"widget\" data-e-type=\"widget\" data-widget_type=\"heading.default\">\n\t\t\t\t<div class=\"elementor-widget-container\">\n\t\t\t\t\t<div class=\"elementor-heading-title elementor-size-default\"><a href=\"http:\/\/ka.pl\/index.php\/refleksy-wystawa\/\"><h3>Refleksy\n<h6>Oliwski Ratusz Kultury, Gda\u0144sk<br>\n<h6>3 grudnia - 31 grudnia 2025<\/a><\/div>\t\t\t\t<\/div>\n\t\t\t\t<\/div>\n\t\t\t\t<div class=\"elementor-element elementor-element-085c824 elementor-widget elementor-widget-text-editor\" data-id=\"085c824\" data-element_type=\"widget\" data-e-type=\"widget\" data-widget_type=\"text-editor.default\">\n\t\t\t\t<div class=\"elementor-widget-container\">\n\t\t\t\t\t\t\t\t\t<p>&lt;w przygotowaniu&gt;<\/p>\t\t\t\t\t\t\t\t<\/div>\n\t\t\t\t<\/div>\n\t\t\t\t\t<\/div>\n\t\t<\/div>\n\t\t\t\t<div class=\"elementor-column elementor-col-25 elementor-top-column elementor-element elementor-element-64ac126\" data-id=\"64ac126\" data-element_type=\"column\" data-e-type=\"column\">\n\t\t\t<div class=\"elementor-widget-wrap elementor-element-populated\">\n\t\t\t\t\t\t<div class=\"elementor-element elementor-element-7eb18cc elementor-widget elementor-widget-image\" data-id=\"7eb18cc\" data-element_type=\"widget\" data-e-type=\"widget\" data-widget_type=\"image.default\">\n\t\t\t\t<div class=\"elementor-widget-container\">\n\t\t\t\t\t\t\t\t\t\t\t\t\t\t\t\t<a href=\"http:\/\/ka.pl\/index.php\/wierzowce_v2-wystawa\/\">\n\t\t\t\t\t\t\t<img loading=\"lazy\" decoding=\"async\" width=\"433\" height=\"400\" src=\"https:\/\/noemistaniszewska.pl\/wp-content\/uploads\/2025\/05\/noc_wiezowcow_q22_wierzowce_v2_v2-e1748460665835-433x400.jpg\" class=\"attachment-anima-lpbox-2 size-anima-lpbox-2 wp-image-1076\" alt=\"\" \/>\t\t\t\t\t\t\t\t<\/a>\n\t\t\t\t\t\t\t\t\t\t\t\t\t\t\t<\/div>\n\t\t\t\t<\/div>\n\t\t\t\t<div class=\"elementor-element elementor-element-30b6fa4 elementor-widget elementor-widget-heading\" data-id=\"30b6fa4\" data-element_type=\"widget\" data-e-type=\"widget\" data-widget_type=\"heading.default\">\n\t\t\t\t<div class=\"elementor-widget-container\">\n\t\t\t\t\t<div class=\"elementor-heading-title elementor-size-default\"><a href=\"http:\/\/ka.pl\/index.php\/wierzowce_v2-wystawa\/\"><h3>Wierzowce_v2<\/h3>\n<h6>Q22, Warszawa<br>\n<h6>31 maja - 27 czerwca 2025<\/a><\/div>\t\t\t\t<\/div>\n\t\t\t\t<\/div>\n\t\t\t\t<div class=\"elementor-element elementor-element-f1e65a6 elementor-widget elementor-widget-text-editor\" data-id=\"f1e65a6\" data-element_type=\"widget\" data-e-type=\"widget\" data-widget_type=\"text-editor.default\">\n\t\t\t\t<div class=\"elementor-widget-container\">\n\t\t\t\t\t\t\t\t\t<p>&lt;w przygotowaniu&gt;<\/p>\t\t\t\t\t\t\t\t<\/div>\n\t\t\t\t<\/div>\n\t\t\t\t\t<\/div>\n\t\t<\/div>\n\t\t\t\t\t<\/div>\n\t\t<\/section>\n\t\t\t\t<\/div>\n\t\t","protected":false},"excerpt":{"rendered":"","protected":false},"author":1,"featured_media":0,"parent":0,"menu_order":0,"comment_status":"closed","ping_status":"closed","template":"","meta":{"_eb_attr":"","_monsterinsights_skip_tracking":false,"_monsterinsights_sitenote_active":false,"_monsterinsights_sitenote_note":"","_monsterinsights_sitenote_category":0,"_themeisle_gutenberg_block_has_review":false,"footnotes":""},"class_list":["post-1131","page","type-page","status-publish","hentry"],"aioseo_notices":[],"_links":{"self":[{"href":"https:\/\/noemistaniszewska.pl\/index.php\/wp-json\/wp\/v2\/pages\/1131","targetHints":{"allow":["GET"]}}],"collection":[{"href":"https:\/\/noemistaniszewska.pl\/index.php\/wp-json\/wp\/v2\/pages"}],"about":[{"href":"https:\/\/noemistaniszewska.pl\/index.php\/wp-json\/wp\/v2\/types\/page"}],"author":[{"embeddable":true,"href":"https:\/\/noemistaniszewska.pl\/index.php\/wp-json\/wp\/v2\/users\/1"}],"replies":[{"embeddable":true,"href":"https:\/\/noemistaniszewska.pl\/index.php\/wp-json\/wp\/v2\/comments?post=1131"}],"version-history":[{"count":50,"href":"https:\/\/noemistaniszewska.pl\/index.php\/wp-json\/wp\/v2\/pages\/1131\/revisions"}],"predecessor-version":[{"id":1466,"href":"https:\/\/noemistaniszewska.pl\/index.php\/wp-json\/wp\/v2\/pages\/1131\/revisions\/1466"}],"wp:attachment":[{"href":"https:\/\/noemistaniszewska.pl\/index.php\/wp-json\/wp\/v2\/media?parent=1131"}],"curies":[{"name":"wp","href":"https:\/\/api.w.org\/{rel}","templated":true}]}}