{"id":231,"date":"2020-01-07T16:38:22","date_gmt":"2020-01-07T16:38:22","guid":{"rendered":"https:\/\/demosites.io\/painter-gb\/?page_id=6"},"modified":"2026-02-20T21:36:08","modified_gmt":"2026-02-20T21:36:08","slug":"glowna","status":"publish","type":"page","link":"https:\/\/noemistaniszewska.pl","title":{"rendered":"Strona G\u0142\u00f3wna"},"content":{"rendered":"\t\t<div data-elementor-type=\"wp-page\" data-elementor-id=\"231\" class=\"elementor elementor-231\">\n\t\t\t\t\t\t<section class=\"elementor-section elementor-top-section elementor-element elementor-element-d6983af elementor-section-boxed elementor-section-height-default elementor-section-height-default\" data-id=\"d6983af\" data-element_type=\"section\" data-e-type=\"section\">\n\t\t\t\t\t\t<div class=\"elementor-container elementor-column-gap-default\">\n\t\t\t\t\t<div class=\"elementor-column elementor-col-100 elementor-top-column elementor-element elementor-element-961b2b4\" data-id=\"961b2b4\" data-element_type=\"column\" data-e-type=\"column\">\n\t\t\t<div class=\"elementor-widget-wrap elementor-element-populated\">\n\t\t\t\t\t\t<div class=\"elementor-element elementor-element-82a294e elementor-widget-divider--view-line elementor-widget elementor-widget-divider\" data-id=\"82a294e\" data-element_type=\"widget\" data-e-type=\"widget\" data-widget_type=\"divider.default\">\n\t\t\t\t<div class=\"elementor-widget-container\">\n\t\t\t\t\t\t\t<div class=\"elementor-divider\">\n\t\t\t<span class=\"elementor-divider-separator\">\n\t\t\t\t\t\t<\/span>\n\t\t<\/div>\n\t\t\t\t\t\t<\/div>\n\t\t\t\t<\/div>\n\t\t\t\t\t<\/div>\n\t\t<\/div>\n\t\t\t\t\t<\/div>\n\t\t<\/section>\n\t\t\t\t<section class=\"elementor-section elementor-top-section elementor-element elementor-element-f20a141 elementor-section-boxed elementor-section-height-default elementor-section-height-default\" data-id=\"f20a141\" data-element_type=\"section\" data-e-type=\"section\">\n\t\t\t\t\t\t<div class=\"elementor-container elementor-column-gap-default\">\n\t\t\t\t\t<div class=\"elementor-column elementor-col-100 elementor-top-column elementor-element elementor-element-330d09c\" data-id=\"330d09c\" data-element_type=\"column\" data-e-type=\"column\">\n\t\t\t<div class=\"elementor-widget-wrap elementor-element-populated\">\n\t\t\t\t\t\t<div class=\"elementor-element elementor-element-4f230e4 elementor-widget elementor-widget-heading\" data-id=\"4f230e4\" data-element_type=\"widget\" data-e-type=\"widget\" data-widget_type=\"heading.default\">\n\t\t\t\t<div class=\"elementor-widget-container\">\n\t\t\t\t\t<h4 class=\"elementor-heading-title elementor-size-default\">Aktualno\u015bci<\/h4>\t\t\t\t<\/div>\n\t\t\t\t<\/div>\n\t\t\t\t\t<\/div>\n\t\t<\/div>\n\t\t\t\t\t<\/div>\n\t\t<\/section>\n\t\t\t\t<section class=\"elementor-section elementor-top-section elementor-element elementor-element-5de8b85 elementor-section-boxed elementor-section-height-default elementor-section-height-default\" data-id=\"5de8b85\" data-element_type=\"section\" data-e-type=\"section\">\n\t\t\t\t\t\t<div class=\"elementor-container elementor-column-gap-default\">\n\t\t\t\t\t<div class=\"elementor-column elementor-col-100 elementor-top-column elementor-element elementor-element-02b6bdb\" data-id=\"02b6bdb\" data-element_type=\"column\" data-e-type=\"column\">\n\t\t\t<div class=\"elementor-widget-wrap elementor-element-populated\">\n\t\t\t\t\t\t<div class=\"elementor-element elementor-element-aa1ab2b elementor-grid-eael-col-3 elementor-grid-mobile-eael-col-2 elementor-grid-tablet-eael-col-2 elementor-widget elementor-widget-eael-post-grid\" data-id=\"aa1ab2b\" data-element_type=\"widget\" data-e-type=\"widget\" data-settings=\"{&quot;eael_post_grid_columns&quot;:&quot;eael-col-3&quot;,&quot;eael_post_grid_columns_mobile&quot;:&quot;eael-col-2&quot;,&quot;eael_post_grid_columns_tablet&quot;:&quot;eael-col-2&quot;}\" data-widget_type=\"eael-post-grid.default\">\n\t\t\t\t<div class=\"elementor-widget-container\">\n\t\t\t\t\t<div id=\"eael-post-grid-aa1ab2b\" class=\"eael-post-grid-container\">\n            <div class=\"eael-post-grid eael-post-appender eael-post-appender-aa1ab2b eael-post-grid-style-two\" data-layout-mode=\"grid\"><article class=\"eael-grid-post  eael-post-grid-column eael-pg-post-1069 category-bez-kategorii-pl\" data-id=\"1069\">\n    <div class=\"eael-grid-post-holder\">\n        <div class=\"eael-grid-post-holder-inner\"><div class=\"eael-entry-media\"><div class=\"eael-entry-overlay fade-in\"><i class=\"fas fa-long-arrow-alt-right\" aria-hidden=\"true\"><\/i><a href=\"https:\/\/noemistaniszewska.pl\/index.php\/2025\/05\/28\/noc-wiezowcow-w-q22\/\"><\/a><\/div><div class=\"eael-entry-thumbnail eael-image-ratio\">\n                            <img fetchpriority=\"high\" decoding=\"async\" width=\"300\" height=\"227\" src=\"https:\/\/noemistaniszewska.pl\/wp-content\/uploads\/2025\/05\/noc_wiezowcow_q22_wierzowce_v2_v2-e1748460665835-300x227.jpg\" class=\"attachment-medium size-medium wp-image-1076\" alt=\"\" srcset=\"https:\/\/noemistaniszewska.pl\/wp-content\/uploads\/2025\/05\/noc_wiezowcow_q22_wierzowce_v2_v2-e1748460665835-300x227.jpg 300w, https:\/\/noemistaniszewska.pl\/wp-content\/uploads\/2025\/05\/noc_wiezowcow_q22_wierzowce_v2_v2-e1748460665835-331x250.jpg 331w, https:\/\/noemistaniszewska.pl\/wp-content\/uploads\/2025\/05\/noc_wiezowcow_q22_wierzowce_v2_v2-e1748460665835.jpg 621w\" sizes=\"(max-width: 300px) 100vw, 300px\" \/>\n                            <\/div>\n                    <\/div><div class=\"eael-entry-wrapper\"><header class=\"eael-entry-header\"><h5 class=\"eael-entry-title\"><a class=\"eael-grid-post-link\" href=\"https:\/\/noemistaniszewska.pl\/index.php\/2025\/05\/28\/noc-wiezowcow-w-q22\/\" title=\"Noc Wie\u017cowc\u00f3w w Q22\">Noc Wie\u017cowc\u00f3w w Q22<\/a><\/h5><\/header><div class=\"eael-entry-content\">\n                                <div class=\"eael-grid-post-excerpt\"><p>W sobot\u0119 31 maja o godzinie 18.00 w wie\u017cowcu Q22 w Warszawie odb\u0119dzie si\u0119 wernisa\u017c wystawy wierzowce_v2...<\/p><\/div>\n                            <\/div><\/div><\/div>\n    <\/div>\n<\/article><article class=\"eael-grid-post  eael-post-grid-column eael-pg-post-1349 category-bez-kategorii-en\" data-id=\"1349\">\n    <div class=\"eael-grid-post-holder\">\n        <div class=\"eael-grid-post-holder-inner\"><div class=\"eael-entry-media\"><div class=\"eael-entry-overlay fade-in\"><i class=\"fas fa-long-arrow-alt-right\" aria-hidden=\"true\"><\/i><a href=\"https:\/\/noemistaniszewska.pl\/index.php\/en\/2025\/05\/28\/elementor-1349\/\"><\/a><\/div><div class=\"eael-entry-thumbnail eael-image-ratio\">\n                            <img fetchpriority=\"high\" decoding=\"async\" width=\"300\" height=\"227\" src=\"https:\/\/noemistaniszewska.pl\/wp-content\/uploads\/2025\/05\/noc_wiezowcow_q22_wierzowce_v2_v2-e1748460665835-300x227.jpg\" class=\"attachment-medium size-medium wp-image-1076\" alt=\"\" srcset=\"https:\/\/noemistaniszewska.pl\/wp-content\/uploads\/2025\/05\/noc_wiezowcow_q22_wierzowce_v2_v2-e1748460665835-300x227.jpg 300w, https:\/\/noemistaniszewska.pl\/wp-content\/uploads\/2025\/05\/noc_wiezowcow_q22_wierzowce_v2_v2-e1748460665835-331x250.jpg 331w, https:\/\/noemistaniszewska.pl\/wp-content\/uploads\/2025\/05\/noc_wiezowcow_q22_wierzowce_v2_v2-e1748460665835.jpg 621w\" sizes=\"(max-width: 300px) 100vw, 300px\" \/>\n                            <\/div>\n                    <\/div><div class=\"eael-entry-wrapper\"><header class=\"eael-entry-header\"><h5 class=\"eael-entry-title\"><a class=\"eael-grid-post-link\" href=\"https:\/\/noemistaniszewska.pl\/index.php\/en\/2025\/05\/28\/elementor-1349\/\" title=\"Night of Skyscrapers in Q22\">Night of Skyscrapers in Q22<\/a><\/h5><\/header><div class=\"eael-entry-content\">\n                                <div class=\"eael-grid-post-excerpt\"><p>The Heavenscrapers_v2 exhibition opening will be held in the Q22 skyscraper in Warsaw on 31 May<\/p><\/div>\n                            <\/div><\/div><\/div>\n    <\/div>\n<\/article><article class=\"eael-grid-post  eael-post-grid-column eael-pg-post-1016\" data-id=\"1016\">\n    <div class=\"eael-grid-post-holder\">\n        <div class=\"eael-grid-post-holder-inner\"><div class=\"eael-entry-media\"><div class=\"eael-entry-overlay fade-in\"><i class=\"fas fa-long-arrow-alt-right\" aria-hidden=\"true\"><\/i><a href=\"https:\/\/noemistaniszewska.pl\/index.php\/2025\/03\/31\/szybowce-wystawa-w-teatrze-boto\/\"><\/a><\/div><div class=\"eael-entry-thumbnail eael-image-ratio\">\n                            <img decoding=\"async\" width=\"300\" height=\"235\" src=\"https:\/\/noemistaniszewska.pl\/wp-content\/uploads\/2025\/03\/szybowce_staniszewska_www-e1743413887687-300x235.jpg\" class=\"attachment-medium size-medium wp-image-1062\" alt=\"wystawa Szybowce w Teatrze Boto\" srcset=\"https:\/\/noemistaniszewska.pl\/wp-content\/uploads\/2025\/03\/szybowce_staniszewska_www-e1743413887687-300x235.jpg 300w, https:\/\/noemistaniszewska.pl\/wp-content\/uploads\/2025\/03\/szybowce_staniszewska_www-e1743413887687-768x601.jpg 768w, https:\/\/noemistaniszewska.pl\/wp-content\/uploads\/2025\/03\/szybowce_staniszewska_www-e1743413887687-320x250.jpg 320w, https:\/\/noemistaniszewska.pl\/wp-content\/uploads\/2025\/03\/szybowce_staniszewska_www-e1743413887687.jpg 991w\" sizes=\"(max-width: 300px) 100vw, 300px\" \/>\n                            <\/div>\n                    <\/div><div class=\"eael-entry-wrapper\"><header class=\"eael-entry-header\"><h5 class=\"eael-entry-title\"><a class=\"eael-grid-post-link\" href=\"https:\/\/noemistaniszewska.pl\/index.php\/2025\/03\/31\/szybowce-wystawa-w-teatrze-boto\/\" title=\"Szybowce &#8211; wystawa w Teatrze Boto\">Szybowce &#8211; wystawa w Teatrze Boto<\/a><\/h5><\/header><div class=\"eael-entry-content\">\n                                <div class=\"eael-grid-post-excerpt\"><p>W niedziel\u0119 13 kwietnia o godzinie 19.00 w Teatrze Boto w Sopocie odb\u0119dzie si\u0119 wernisa\u017c wystawy Szybowce.<\/p><\/div>\n                            <\/div><\/div><\/div>\n    <\/div>\n<\/article><article class=\"eael-grid-post  eael-post-grid-column eael-pg-post-1226 category-wystawa\" data-id=\"1226\">\n    <div class=\"eael-grid-post-holder\">\n        <div class=\"eael-grid-post-holder-inner\"><div class=\"eael-entry-media\"><div class=\"eael-entry-overlay fade-in\"><i class=\"fas fa-long-arrow-alt-right\" aria-hidden=\"true\"><\/i><a href=\"https:\/\/noemistaniszewska.pl\/index.php\/en\/2025\/03\/31\/glassiers-exhibition-in-boto-theatre\/\"><\/a><\/div><div class=\"eael-entry-thumbnail eael-image-ratio\">\n                            <img decoding=\"async\" width=\"300\" height=\"235\" src=\"https:\/\/noemistaniszewska.pl\/wp-content\/uploads\/2025\/03\/szybowce_staniszewska_www-e1743413887687-300x235.jpg\" class=\"attachment-medium size-medium wp-image-1062\" alt=\"wystawa Szybowce w Teatrze Boto\" srcset=\"https:\/\/noemistaniszewska.pl\/wp-content\/uploads\/2025\/03\/szybowce_staniszewska_www-e1743413887687-300x235.jpg 300w, https:\/\/noemistaniszewska.pl\/wp-content\/uploads\/2025\/03\/szybowce_staniszewska_www-e1743413887687-768x601.jpg 768w, https:\/\/noemistaniszewska.pl\/wp-content\/uploads\/2025\/03\/szybowce_staniszewska_www-e1743413887687-320x250.jpg 320w, https:\/\/noemistaniszewska.pl\/wp-content\/uploads\/2025\/03\/szybowce_staniszewska_www-e1743413887687.jpg 991w\" sizes=\"(max-width: 300px) 100vw, 300px\" \/>\n                            <\/div>\n                    <\/div><div class=\"eael-entry-wrapper\"><header class=\"eael-entry-header\"><h5 class=\"eael-entry-title\"><a class=\"eael-grid-post-link\" href=\"https:\/\/noemistaniszewska.pl\/index.php\/en\/2025\/03\/31\/glassiers-exhibition-in-boto-theatre\/\" title=\"Glassiers &#8211; exhibition in Boto Theatre\">Glassiers &#8211; exhibition in Boto Theatre<\/a><\/h5><\/header><div class=\"eael-entry-content\">\n                                <div class=\"eael-grid-post-excerpt\"><p>On Sunday, 13 April, the Boto Theatre in Sopot will host the opening of the exhibition Glassiers.<\/p><\/div>\n                            <\/div><\/div><\/div>\n    <\/div>\n<\/article><\/div>\n            <div class=\"clearfix\"><\/div>\n        <\/div>            <div class=\"eael-load-more-button-wrap\">\n                <button class=\"eael-load-more-button\" id=\"eael-load-more-btn-aa1ab2b\" data-widget-id=\"aa1ab2b\" data-widget=\"aa1ab2b\" data-page-id=\"231\" data-template=\"{&quot;dir&quot;:&quot;lite&quot;,&quot;file_name&quot;:&quot;two.php&quot;,&quot;name&quot;:&quot;Post-Grid&quot;}\" data-class=\"Essential_Addons_Elementor\\Elements\\Post_Grid\" data-layout=\"grid\" data-page=\"1\" data-args=\"orderby=date&amp;order=desc&amp;ignore_sticky_posts=1&amp;post_status=publish&amp;posts_per_page=4&amp;offset=0&amp;post_type=post\" data-max-page=\"2\">\n                    <span class=\"eael-btn-loader button__loader\"><\/span>\n                    <span class=\"eael_load_more_text\">wi\u0119cej...<\/span>\n                <\/button>\n            <\/div>\n            \t\t\t\t<\/div>\n\t\t\t\t<\/div>\n\t\t\t\t\t<\/div>\n\t\t<\/div>\n\t\t\t\t\t<\/div>\n\t\t<\/section>\n\t\t\t\t<section class=\"elementor-section elementor-top-section elementor-element elementor-element-2b1d655 elementor-section-boxed elementor-section-height-default elementor-section-height-default\" data-id=\"2b1d655\" data-element_type=\"section\" data-e-type=\"section\">\n\t\t\t\t\t\t<div class=\"elementor-container elementor-column-gap-default\">\n\t\t\t\t\t<div class=\"elementor-column elementor-col-100 elementor-top-column elementor-element elementor-element-eab4e1b\" data-id=\"eab4e1b\" data-element_type=\"column\" data-e-type=\"column\">\n\t\t\t<div class=\"elementor-widget-wrap elementor-element-populated\">\n\t\t\t\t\t\t<div class=\"elementor-element elementor-element-55febde elementor-widget-divider--view-line elementor-widget elementor-widget-divider\" data-id=\"55febde\" data-element_type=\"widget\" data-e-type=\"widget\" data-widget_type=\"divider.default\">\n\t\t\t\t<div class=\"elementor-widget-container\">\n\t\t\t\t\t\t\t<div class=\"elementor-divider\">\n\t\t\t<span class=\"elementor-divider-separator\">\n\t\t\t\t\t\t<\/span>\n\t\t<\/div>\n\t\t\t\t\t\t<\/div>\n\t\t\t\t<\/div>\n\t\t\t\t\t<\/div>\n\t\t<\/div>\n\t\t\t\t\t<\/div>\n\t\t<\/section>\n\t\t\t\t<section class=\"elementor-section elementor-top-section elementor-element elementor-element-7995f46 elementor-section-boxed elementor-section-height-default elementor-section-height-default\" data-id=\"7995f46\" data-element_type=\"section\" data-e-type=\"section\">\n\t\t\t\t\t\t<div class=\"elementor-container elementor-column-gap-default\">\n\t\t\t\t\t<div class=\"elementor-column elementor-col-100 elementor-top-column elementor-element elementor-element-3ff98b3\" data-id=\"3ff98b3\" data-element_type=\"column\" data-e-type=\"column\">\n\t\t\t<div class=\"elementor-widget-wrap elementor-element-populated\">\n\t\t\t\t\t\t<div class=\"elementor-element elementor-element-cdb96cd elementor-widget elementor-widget-heading\" data-id=\"cdb96cd\" data-element_type=\"widget\" data-e-type=\"widget\" data-widget_type=\"heading.default\">\n\t\t\t\t<div class=\"elementor-widget-container\">\n\t\t\t\t\t<h4 class=\"elementor-heading-title elementor-size-default\">Malarstwo<\/h4>\t\t\t\t<\/div>\n\t\t\t\t<\/div>\n\t\t\t\t\t<\/div>\n\t\t<\/div>\n\t\t\t\t\t<\/div>\n\t\t<\/section>\n\t\t\t\t<section class=\"elementor-section elementor-top-section elementor-element elementor-element-1ca020d elementor-section-boxed elementor-section-height-default elementor-section-height-default\" data-id=\"1ca020d\" data-element_type=\"section\" data-e-type=\"section\">\n\t\t\t\t\t\t<div class=\"elementor-container elementor-column-gap-default\">\n\t\t\t\t\t<div class=\"elementor-column elementor-col-25 elementor-top-column elementor-element elementor-element-71631bc\" data-id=\"71631bc\" data-element_type=\"column\" data-e-type=\"column\">\n\t\t\t<div class=\"elementor-widget-wrap elementor-element-populated\">\n\t\t\t\t\t\t<div class=\"elementor-element elementor-element-085cee7 elementor-widget-mobile__width-initial elementor-widget elementor-widget-image\" data-id=\"085cee7\" data-element_type=\"widget\" data-e-type=\"widget\" data-widget_type=\"image.default\">\n\t\t\t\t<div class=\"elementor-widget-container\">\n\t\t\t\t\t\t\t\t\t\t\t\t<figure class=\"wp-caption\">\n\t\t\t\t\t\t\t\t\t\t\t<a href=\"https:\/\/noemistaniszewska.pl\/index.php\/wierzowce\/\">\n\t\t\t\t\t\t\t<img decoding=\"async\" width=\"856\" height=\"857\" src=\"https:\/\/noemistaniszewska.pl\/wp-content\/uploads\/2022\/04\/04_noemi_staniszewska_Brussels_742PM_oil_on_canvas_140x100_2017-edited.jpg\" class=\"attachment-large size-large wp-image-360\" alt=\"\" srcset=\"https:\/\/noemistaniszewska.pl\/wp-content\/uploads\/2022\/04\/04_noemi_staniszewska_Brussels_742PM_oil_on_canvas_140x100_2017-edited.jpg 856w, https:\/\/noemistaniszewska.pl\/wp-content\/uploads\/2022\/04\/04_noemi_staniszewska_Brussels_742PM_oil_on_canvas_140x100_2017-edited-300x300.jpg 300w, https:\/\/noemistaniszewska.pl\/wp-content\/uploads\/2022\/04\/04_noemi_staniszewska_Brussels_742PM_oil_on_canvas_140x100_2017-edited-150x150.jpg 150w, https:\/\/noemistaniszewska.pl\/wp-content\/uploads\/2022\/04\/04_noemi_staniszewska_Brussels_742PM_oil_on_canvas_140x100_2017-edited-768x769.jpg 768w, https:\/\/noemistaniszewska.pl\/wp-content\/uploads\/2022\/04\/04_noemi_staniszewska_Brussels_742PM_oil_on_canvas_140x100_2017-edited-350x350.jpg 350w, https:\/\/noemistaniszewska.pl\/wp-content\/uploads\/2022\/04\/04_noemi_staniszewska_Brussels_742PM_oil_on_canvas_140x100_2017-edited-600x601.jpg 600w, https:\/\/noemistaniszewska.pl\/wp-content\/uploads\/2022\/04\/04_noemi_staniszewska_Brussels_742PM_oil_on_canvas_140x100_2017-edited-100x100.jpg 100w\" sizes=\"(max-width: 856px) 100vw, 856px\" \/>\t\t\t\t\t\t\t\t<\/a>\n\t\t\t\t\t\t\t\t\t\t\t<figcaption class=\"widget-image-caption wp-caption-text\">Wierzowce<\/figcaption>\n\t\t\t\t\t\t\t\t\t\t<\/figure>\n\t\t\t\t\t\t\t\t\t<\/div>\n\t\t\t\t<\/div>\n\t\t\t\t\t<\/div>\n\t\t<\/div>\n\t\t\t\t<div class=\"elementor-column elementor-col-25 elementor-top-column elementor-element elementor-element-a00ecdf\" data-id=\"a00ecdf\" data-element_type=\"column\" data-e-type=\"column\">\n\t\t\t<div class=\"elementor-widget-wrap elementor-element-populated\">\n\t\t\t\t\t\t<div class=\"elementor-element elementor-element-d5d4dda elementor-widget elementor-widget-image\" data-id=\"d5d4dda\" data-element_type=\"widget\" data-e-type=\"widget\" data-widget_type=\"image.default\">\n\t\t\t\t<div class=\"elementor-widget-container\">\n\t\t\t\t\t\t\t\t\t\t\t\t<figure class=\"wp-caption\">\n\t\t\t\t\t\t\t\t\t\t\t<a href=\"https:\/\/noemistaniszewska.pl\/index.php\/obrazy-o-predkosci-maluje-sie-powoli\/\">\n\t\t\t\t\t\t\t<img loading=\"lazy\" decoding=\"async\" width=\"1022\" height=\"1024\" src=\"https:\/\/noemistaniszewska.pl\/wp-content\/uploads\/2022\/04\/02_noemi_staniszewska_US-131_acrylic_on_canvas_100x150_2014-edited-1022x1024.jpg\" class=\"attachment-large size-large wp-image-361\" alt=\"\" srcset=\"https:\/\/noemistaniszewska.pl\/wp-content\/uploads\/2022\/04\/02_noemi_staniszewska_US-131_acrylic_on_canvas_100x150_2014-edited-1022x1024.jpg 1022w, https:\/\/noemistaniszewska.pl\/wp-content\/uploads\/2022\/04\/02_noemi_staniszewska_US-131_acrylic_on_canvas_100x150_2014-edited-300x300.jpg 300w, https:\/\/noemistaniszewska.pl\/wp-content\/uploads\/2022\/04\/02_noemi_staniszewska_US-131_acrylic_on_canvas_100x150_2014-edited-150x150.jpg 150w, https:\/\/noemistaniszewska.pl\/wp-content\/uploads\/2022\/04\/02_noemi_staniszewska_US-131_acrylic_on_canvas_100x150_2014-edited-768x770.jpg 768w, https:\/\/noemistaniszewska.pl\/wp-content\/uploads\/2022\/04\/02_noemi_staniszewska_US-131_acrylic_on_canvas_100x150_2014-edited-1533x1536.jpg 1533w, https:\/\/noemistaniszewska.pl\/wp-content\/uploads\/2022\/04\/02_noemi_staniszewska_US-131_acrylic_on_canvas_100x150_2014-edited-349x350.jpg 349w, https:\/\/noemistaniszewska.pl\/wp-content\/uploads\/2022\/04\/02_noemi_staniszewska_US-131_acrylic_on_canvas_100x150_2014-edited-600x601.jpg 600w, https:\/\/noemistaniszewska.pl\/wp-content\/uploads\/2022\/04\/02_noemi_staniszewska_US-131_acrylic_on_canvas_100x150_2014-edited-100x100.jpg 100w, https:\/\/noemistaniszewska.pl\/wp-content\/uploads\/2022\/04\/02_noemi_staniszewska_US-131_acrylic_on_canvas_100x150_2014-edited.jpg 1996w\" sizes=\"(max-width: 1022px) 100vw, 1022px\" \/>\t\t\t\t\t\t\t\t<\/a>\n\t\t\t\t\t\t\t\t\t\t\t<figcaption class=\"widget-image-caption wp-caption-text\">Obrazy o Pr\u0119dko\u015bci<\/figcaption>\n\t\t\t\t\t\t\t\t\t\t<\/figure>\n\t\t\t\t\t\t\t\t\t<\/div>\n\t\t\t\t<\/div>\n\t\t\t\t\t<\/div>\n\t\t<\/div>\n\t\t\t\t<div class=\"elementor-column elementor-col-25 elementor-top-column elementor-element elementor-element-4c49460\" data-id=\"4c49460\" data-element_type=\"column\" data-e-type=\"column\">\n\t\t\t<div class=\"elementor-widget-wrap elementor-element-populated\">\n\t\t\t\t\t\t<div class=\"elementor-element elementor-element-0699986 elementor-widget__width-initial elementor-widget elementor-widget-image\" data-id=\"0699986\" data-element_type=\"widget\" data-e-type=\"widget\" data-widget_type=\"image.default\">\n\t\t\t\t<div class=\"elementor-widget-container\">\n\t\t\t\t\t\t\t\t\t\t\t\t<figure class=\"wp-caption\">\n\t\t\t\t\t\t\t\t\t\t\t<a href=\"https:\/\/noemistaniszewska.pl\/index.php\/okna\/\">\n\t\t\t\t\t\t\t<img loading=\"lazy\" decoding=\"async\" width=\"1024\" height=\"1024\" src=\"https:\/\/noemistaniszewska.pl\/wp-content\/uploads\/2026\/01\/staniszewska_okna_VIII_20x20_olej_na_plotnie_2013-1024x1024.jpg\" class=\"attachment-large size-large wp-image-1171\" alt=\"\" srcset=\"https:\/\/noemistaniszewska.pl\/wp-content\/uploads\/2026\/01\/staniszewska_okna_VIII_20x20_olej_na_plotnie_2013-1024x1024.jpg 1024w, https:\/\/noemistaniszewska.pl\/wp-content\/uploads\/2026\/01\/staniszewska_okna_VIII_20x20_olej_na_plotnie_2013-300x300.jpg 300w, https:\/\/noemistaniszewska.pl\/wp-content\/uploads\/2026\/01\/staniszewska_okna_VIII_20x20_olej_na_plotnie_2013-150x150.jpg 150w, https:\/\/noemistaniszewska.pl\/wp-content\/uploads\/2026\/01\/staniszewska_okna_VIII_20x20_olej_na_plotnie_2013-768x768.jpg 768w, https:\/\/noemistaniszewska.pl\/wp-content\/uploads\/2026\/01\/staniszewska_okna_VIII_20x20_olej_na_plotnie_2013-1536x1536.jpg 1536w, https:\/\/noemistaniszewska.pl\/wp-content\/uploads\/2026\/01\/staniszewska_okna_VIII_20x20_olej_na_plotnie_2013-250x250.jpg 250w, https:\/\/noemistaniszewska.pl\/wp-content\/uploads\/2026\/01\/staniszewska_okna_VIII_20x20_olej_na_plotnie_2013.jpg 1920w\" sizes=\"(max-width: 1024px) 100vw, 1024px\" \/>\t\t\t\t\t\t\t\t<\/a>\n\t\t\t\t\t\t\t\t\t\t\t<figcaption class=\"widget-image-caption wp-caption-text\">Okna<\/figcaption>\n\t\t\t\t\t\t\t\t\t\t<\/figure>\n\t\t\t\t\t\t\t\t\t<\/div>\n\t\t\t\t<\/div>\n\t\t\t\t\t<\/div>\n\t\t<\/div>\n\t\t\t\t<div class=\"elementor-column elementor-col-25 elementor-top-column elementor-element elementor-element-9b6b762\" data-id=\"9b6b762\" data-element_type=\"column\" data-e-type=\"column\">\n\t\t\t<div class=\"elementor-widget-wrap elementor-element-populated\">\n\t\t\t\t\t\t<div class=\"elementor-element elementor-element-e4d5962 elementor-widget elementor-widget-image\" data-id=\"e4d5962\" data-element_type=\"widget\" data-e-type=\"widget\" data-widget_type=\"image.default\">\n\t\t\t\t<div class=\"elementor-widget-container\">\n\t\t\t\t\t\t\t\t\t\t\t\t<figure class=\"wp-caption\">\n\t\t\t\t\t\t\t\t\t\t\t<a href=\"https:\/\/noemistaniszewska.pl\/index.php\/martwe-natury-holenderskie\/\">\n\t\t\t\t\t\t\t<img loading=\"lazy\" decoding=\"async\" width=\"1024\" height=\"1024\" src=\"https:\/\/noemistaniszewska.pl\/wp-content\/uploads\/2022\/04\/03_noemi_staniszewska_dutch_still_life_2_tempera_on_board_collage_18x25_2013-edited-1-1024x1024.jpg\" class=\"attachment-large size-large wp-image-696\" alt=\"\" srcset=\"https:\/\/noemistaniszewska.pl\/wp-content\/uploads\/2022\/04\/03_noemi_staniszewska_dutch_still_life_2_tempera_on_board_collage_18x25_2013-edited-1-1024x1024.jpg 1024w, https:\/\/noemistaniszewska.pl\/wp-content\/uploads\/2022\/04\/03_noemi_staniszewska_dutch_still_life_2_tempera_on_board_collage_18x25_2013-edited-1-300x300.jpg 300w, https:\/\/noemistaniszewska.pl\/wp-content\/uploads\/2022\/04\/03_noemi_staniszewska_dutch_still_life_2_tempera_on_board_collage_18x25_2013-edited-1-150x150.jpg 150w, https:\/\/noemistaniszewska.pl\/wp-content\/uploads\/2022\/04\/03_noemi_staniszewska_dutch_still_life_2_tempera_on_board_collage_18x25_2013-edited-1-768x768.jpg 768w, https:\/\/noemistaniszewska.pl\/wp-content\/uploads\/2022\/04\/03_noemi_staniszewska_dutch_still_life_2_tempera_on_board_collage_18x25_2013-edited-1-1536x1536.jpg 1536w, https:\/\/noemistaniszewska.pl\/wp-content\/uploads\/2022\/04\/03_noemi_staniszewska_dutch_still_life_2_tempera_on_board_collage_18x25_2013-edited-1-2048x2048.jpg 2048w, https:\/\/noemistaniszewska.pl\/wp-content\/uploads\/2022\/04\/03_noemi_staniszewska_dutch_still_life_2_tempera_on_board_collage_18x25_2013-edited-1-350x350.jpg 350w, https:\/\/noemistaniszewska.pl\/wp-content\/uploads\/2022\/04\/03_noemi_staniszewska_dutch_still_life_2_tempera_on_board_collage_18x25_2013-edited-1-600x600.jpg 600w, https:\/\/noemistaniszewska.pl\/wp-content\/uploads\/2022\/04\/03_noemi_staniszewska_dutch_still_life_2_tempera_on_board_collage_18x25_2013-edited-1-100x100.jpg 100w\" sizes=\"(max-width: 1024px) 100vw, 1024px\" \/>\t\t\t\t\t\t\t\t<\/a>\n\t\t\t\t\t\t\t\t\t\t\t<figcaption class=\"widget-image-caption wp-caption-text\">Martwe Natury Holenderskie<\/figcaption>\n\t\t\t\t\t\t\t\t\t\t<\/figure>\n\t\t\t\t\t\t\t\t\t<\/div>\n\t\t\t\t<\/div>\n\t\t\t\t\t<\/div>\n\t\t<\/div>\n\t\t\t\t\t<\/div>\n\t\t<\/section>\n\t\t\t\t<\/div>\n\t\t","protected":false},"excerpt":{"rendered":"<p>Aktualno\u015bci Noc Wie\u017cowc\u00f3w w Q22 W sobot\u0119 31 maja o godzinie 18.00 w wie\u017cowcu Q22 w Warszawie odb\u0119dzie si\u0119 wernisa\u017c wystawy wierzowce_v2&#8230; Szybowce &#8211; wystawa w Teatrze Boto W niedziel\u0119 13 kwietnia o godzinie 19.00 w Teatrze Boto w Sopocie odb\u0119dzie si\u0119 wernisa\u017c wystawy Szybowce. Fryz Cukierniczy na VI Aukcji &hellip;<\/p>\n","protected":false},"author":1,"featured_media":0,"parent":0,"menu_order":0,"comment_status":"closed","ping_status":"closed","template":"","meta":{"_eb_attr":"","_monsterinsights_skip_tracking":false,"_monsterinsights_sitenote_active":false,"_monsterinsights_sitenote_note":"","_monsterinsights_sitenote_category":0,"_themeisle_gutenberg_block_has_review":false,"footnotes":""},"class_list":["post-231","page","type-page","status-publish","hentry"],"aioseo_notices":[],"_links":{"self":[{"href":"https:\/\/noemistaniszewska.pl\/index.php\/wp-json\/wp\/v2\/pages\/231","targetHints":{"allow":["GET"]}}],"collection":[{"href":"https:\/\/noemistaniszewska.pl\/index.php\/wp-json\/wp\/v2\/pages"}],"about":[{"href":"https:\/\/noemistaniszewska.pl\/index.php\/wp-json\/wp\/v2\/types\/page"}],"author":[{"embeddable":true,"href":"https:\/\/noemistaniszewska.pl\/index.php\/wp-json\/wp\/v2\/users\/1"}],"replies":[{"embeddable":true,"href":"https:\/\/noemistaniszewska.pl\/index.php\/wp-json\/wp\/v2\/comments?post=231"}],"version-history":[{"count":71,"href":"https:\/\/noemistaniszewska.pl\/index.php\/wp-json\/wp\/v2\/pages\/231\/revisions"}],"predecessor-version":[{"id":1337,"href":"https:\/\/noemistaniszewska.pl\/index.php\/wp-json\/wp\/v2\/pages\/231\/revisions\/1337"}],"wp:attachment":[{"href":"https:\/\/noemistaniszewska.pl\/index.php\/wp-json\/wp\/v2\/media?parent=231"}],"curies":[{"name":"wp","href":"https:\/\/api.w.org\/{rel}","templated":true}]}}