{"id":232,"date":"2020-01-07T16:38:22","date_gmt":"2020-01-07T16:38:22","guid":{"rendered":"https:\/\/demosites.io\/painter-gb\/?page_id=7"},"modified":"2022-04-16T13:20:41","modified_gmt":"2022-04-16T13:20:41","slug":"bio_pl","status":"publish","type":"page","link":"https:\/\/noemistaniszewska.pl\/index.php\/bio_pl\/","title":{"rendered":"Bio"},"content":{"rendered":"\t\t<div data-elementor-type=\"wp-page\" data-elementor-id=\"232\" class=\"elementor elementor-232\">\n\t\t\t\t\t\t<section class=\"elementor-section elementor-top-section elementor-element elementor-element-190fc0b elementor-section-boxed elementor-section-height-default elementor-section-height-default\" data-id=\"190fc0b\" data-element_type=\"section\" data-e-type=\"section\">\n\t\t\t\t\t\t<div class=\"elementor-container elementor-column-gap-default\">\n\t\t\t\t\t<div class=\"elementor-column elementor-col-100 elementor-top-column elementor-element elementor-element-bcecd60\" data-id=\"bcecd60\" data-element_type=\"column\" data-e-type=\"column\">\n\t\t\t<div class=\"elementor-widget-wrap elementor-element-populated\">\n\t\t\t\t\t\t<div class=\"elementor-element elementor-element-8f71863 elementor-widget elementor-widget-heading\" data-id=\"8f71863\" data-element_type=\"widget\" data-e-type=\"widget\" data-widget_type=\"heading.default\">\n\t\t\t\t<div class=\"elementor-widget-container\">\n\t\t\t\t\t<h2 class=\"elementor-heading-title elementor-size-default\">Bio<\/h2>\t\t\t\t<\/div>\n\t\t\t\t<\/div>\n\t\t\t\t\t<\/div>\n\t\t<\/div>\n\t\t\t\t\t<\/div>\n\t\t<\/section>\n\t\t\t\t<section class=\"elementor-section elementor-top-section elementor-element elementor-element-270bbff elementor-section-boxed elementor-section-height-default elementor-section-height-default\" data-id=\"270bbff\" data-element_type=\"section\" data-e-type=\"section\">\n\t\t\t\t\t\t<div class=\"elementor-container elementor-column-gap-default\">\n\t\t\t\t\t<div class=\"elementor-column elementor-col-100 elementor-top-column elementor-element elementor-element-5e686ee\" data-id=\"5e686ee\" data-element_type=\"column\" data-e-type=\"column\">\n\t\t\t<div class=\"elementor-widget-wrap elementor-element-populated\">\n\t\t\t\t\t\t<div class=\"elementor-element elementor-element-37737db elementor-widget elementor-widget-text-editor\" data-id=\"37737db\" data-element_type=\"widget\" data-e-type=\"widget\" data-widget_type=\"text-editor.default\">\n\t\t\t\t<div class=\"elementor-widget-container\">\n\t\t\t\t\t\t\t\t\t<p>urodzona w 1991r. w Gda\u0144sku<br \/><br \/><strong>Wykszta\u0142cenie<\/strong><br \/><br \/>\u2022 absolwentka Wydzia\u0142u Malarstwa Akademii Sztuk Pi\u0119knych w Gda\u0144sku<br \/>\u2022 obrona dyplomu z wyr\u00f3\u017cnieniem w 2014r., pod kierunkiem prof. Jerzego Ostrog\u00f3rskiego wraz z aneksem z animacji pod kierunkiem dr Roberta Tur\u0142o<br \/>\u2022 pobyt na wymianie studenckiej na Royal Academy of Art w Hadze w 2013r.<br \/>\u2022 od roku 2017 studentka studi\u00f3w doktoranckich na Akademii Sztuk Pi\u0119knych Gda\u0144sku<br \/><br \/><strong>Wybrane wystawy<\/strong><br \/><br \/>2019<br \/><br \/>\u2022 Smutek Modernizmu \u2013 opresja i depresja, Galeria Miejska, Wroc\u0142aw<br \/>\u2022 M\u0142ode malarstwo polskie, Muzeum Narodowe \u2013 Oddzia\u0142 Sztuki Wsp\u00f3\u0142czesnej, Gda\u0144sk<br \/><br \/>2018<br \/><br \/>\u2022 16. Przegl\u0105d Sztuki Wsp\u00f3\u0142czesnej Survival \u201eKapita\u0142\u201d, pa\u0142ac Wallenberg-Pachalych, Wroc\u0142aw<br \/>\u2022 III Og\u00f3lnopolski Konkurs Malarski im. Leona Wycz\u00f3\u0142kowskiego, BWA, Bydgoszcz<br \/>\u2022 II Og\u00f3lnopolskie Biennale Malarstwa Pejza\u017c Architektoniczny, OKIAL, Bisztynek<br \/>\u2022 IV Mi\u0119dzynarodowy Konkurs Pejza\u017c Wsp\u00f3\u0142czesny, Miejska Galeria Sztuki, Cz\u0119stochowa<br \/>\u2022 FACES &#8211; I volti dell&#8217;Uomo, Villa Brentano, Busto Garolfo (W\u0142ochy)<br \/><br \/>2017<br \/><br \/>\u2022 Premio Lynx, Scali della Fortezza Nuova, Livorno (W\u0142ochy)<br \/>\u2022 Nowy Obraz\/Nowe Spojrzenie, Galeria Miejska Arsena\u0142, Pozna\u0144<br \/>\u2022 Open Dialog, Park Oliwski, Gda\u0144sk<br \/><br \/>2016<br \/><br \/>\u2022 wystawa indywidualna Droga \/ czas, Galeria pod Baranami, Krak\u00f3w<br \/>\u2022 Premio Lynx, Lux Art Gallery, Triest (W\u0142ochy)<br \/>\u2022 Premio Lynx, Lokarjeva Galerija , Ajdov\u0161\u010dina (S\u0142owenia)<br \/>\u2022 Potok Sztuki \u2013 Pomorskie Biennale Sztuki M\u0142odych, Sopot Centrum, Sopot<br \/><br \/>2015<br \/><br \/>\u2022 Promocje, Galeria Sztuki, Legnica<br \/>\u2022 Ale Sztuka, Galeria Solvay, Krak\u00f3w<br \/>\u2022 Premio Combat Prize, Museo Civico G. Fattori, Livorno (W\u0142ochy)<br \/>\u2022 9th Arte Laguna Prize, Nappe Arsenale, Wenecja (W\u0142ochy)<br \/>\u2022 M\u0142ode Malarstwo w Gda\u0144sku. Dyplomy 2014, ASP w Gda\u0144sku, Gda\u0144sk<br \/><br \/>2014<br \/><br \/>\u2022 Biennale Gda\u0144skie, Gda\u0144ska Galeria Miejska, Gda\u0144sk<br \/>\u2022 Artystyczna podr\u00f3\u017c Hestii, Dom Towarowy Bracia Jab\u0142kowscy, Warszawa<br \/>\u2022 BlackOut, Instytut Sztuki Wyspa, Gda\u0144sk<br \/>\u2022 Noc podczas Europejskiej Nocy Muze\u00f3w, ASP w Gda\u0144sku, Gda\u0144sk<br \/><br \/><strong>Osi\u0105gni\u0119cia<\/strong><br \/><br \/>\u2022 I nagroda w kategorii malarstwo na 9th Arte Laguna Prize w Wenecji, 2015<br \/>\u2022 II nagroda w konkursie Ale Sztuka! M\u0142ode Malarstwo Polskie w Krakowie, 2015<br \/>\u2022 stypendystka Ministra Nauki i Szkolnictwa Wy\u017cszego, 2013-2014<br \/>\u2022 stypendystka Prezydenta Miasta Gda\u0144ska, 2011-2014<br \/>\u2022 stypendystka Rektora ASP w Gda\u0144sku \u2013 stypendium dla najlepszych doktorant\u00f3w, 2017-2019<br \/>\u2022 stypendystka Rektora ASP w Gda\u0144sku \u2013 stypendium dla najlepszych student\u00f3w, 2010-2014<\/p>\t\t\t\t\t\t\t\t<\/div>\n\t\t\t\t<\/div>\n\t\t\t\t\t<\/div>\n\t\t<\/div>\n\t\t\t\t\t<\/div>\n\t\t<\/section>\n\t\t\t\t<\/div>\n\t\t","protected":false},"excerpt":{"rendered":"<p>Bio urodzona w 1991r. w Gda\u0144sku Wykszta\u0142cenie \u2022 absolwentka Wydzia\u0142u Malarstwa Akademii Sztuk Pi\u0119knych w Gda\u0144sku\u2022 obrona dyplomu z wyr\u00f3\u017cnieniem w 2014r., pod kierunkiem prof. Jerzego Ostrog\u00f3rskiego wraz z aneksem z animacji pod kierunkiem dr Roberta Tur\u0142o\u2022 pobyt na wymianie studenckiej na Royal Academy of Art w Hadze w 2013r.\u2022 &hellip;<\/p>\n","protected":false},"author":1,"featured_media":0,"parent":0,"menu_order":0,"comment_status":"closed","ping_status":"closed","template":"","meta":{"_eb_attr":"","_monsterinsights_skip_tracking":false,"_monsterinsights_sitenote_active":false,"_monsterinsights_sitenote_note":"","_monsterinsights_sitenote_category":0,"_themeisle_gutenberg_block_has_review":false,"footnotes":""},"class_list":["post-232","page","type-page","status-publish","hentry"],"aioseo_notices":[],"_links":{"self":[{"href":"https:\/\/noemistaniszewska.pl\/index.php\/wp-json\/wp\/v2\/pages\/232","targetHints":{"allow":["GET"]}}],"collection":[{"href":"https:\/\/noemistaniszewska.pl\/index.php\/wp-json\/wp\/v2\/pages"}],"about":[{"href":"https:\/\/noemistaniszewska.pl\/index.php\/wp-json\/wp\/v2\/types\/page"}],"author":[{"embeddable":true,"href":"https:\/\/noemistaniszewska.pl\/index.php\/wp-json\/wp\/v2\/users\/1"}],"replies":[{"embeddable":true,"href":"https:\/\/noemistaniszewska.pl\/index.php\/wp-json\/wp\/v2\/comments?post=232"}],"version-history":[{"count":7,"href":"https:\/\/noemistaniszewska.pl\/index.php\/wp-json\/wp\/v2\/pages\/232\/revisions"}],"predecessor-version":[{"id":509,"href":"https:\/\/noemistaniszewska.pl\/index.php\/wp-json\/wp\/v2\/pages\/232\/revisions\/509"}],"wp:attachment":[{"href":"https:\/\/noemistaniszewska.pl\/index.php\/wp-json\/wp\/v2\/media?parent=232"}],"curies":[{"name":"wp","href":"https:\/\/api.w.org\/{rel}","templated":true}]}}