{"id":451,"date":"2022-04-15T19:32:52","date_gmt":"2022-04-15T19:32:52","guid":{"rendered":"http:\/\/noemistaniszewska.pl\/?page_id=451"},"modified":"2023-01-23T20:04:12","modified_gmt":"2023-01-23T20:04:12","slug":"malarstwo-3","status":"publish","type":"page","link":"https:\/\/noemistaniszewska.pl\/index.php\/malarstwo-3\/","title":{"rendered":"Malarstwo"},"content":{"rendered":"\t\t<div data-elementor-type=\"wp-page\" data-elementor-id=\"451\" class=\"elementor elementor-451\">\n\t\t\t\t\t\t<section class=\"elementor-section elementor-top-section elementor-element elementor-element-6d74538 elementor-section-boxed elementor-section-height-default elementor-section-height-default\" data-id=\"6d74538\" data-element_type=\"section\" data-e-type=\"section\">\n\t\t\t\t\t\t<div class=\"elementor-container elementor-column-gap-default\">\n\t\t\t\t\t<div class=\"elementor-column elementor-col-25 elementor-top-column elementor-element elementor-element-1908784\" data-id=\"1908784\" data-element_type=\"column\" data-e-type=\"column\">\n\t\t\t<div class=\"elementor-widget-wrap elementor-element-populated\">\n\t\t\t\t\t\t<div class=\"elementor-element elementor-element-62c02ac elementor-widget elementor-widget-image\" data-id=\"62c02ac\" data-element_type=\"widget\" data-e-type=\"widget\" data-widget_type=\"image.default\">\n\t\t\t\t<div class=\"elementor-widget-container\">\n\t\t\t\t\t\t\t\t\t\t\t\t\t\t\t\t<a href=\"http:\/\/noemistaniszewska.pl\/index.php\/wierzowce\/\">\n\t\t\t\t\t\t\t<img fetchpriority=\"high\" decoding=\"async\" width=\"856\" height=\"857\" src=\"https:\/\/noemistaniszewska.pl\/wp-content\/uploads\/2022\/04\/04_noemi_staniszewska_Brussels_742PM_oil_on_canvas_140x100_2017-edited.jpg\" class=\"attachment-large size-large wp-image-360\" alt=\"\" srcset=\"https:\/\/noemistaniszewska.pl\/wp-content\/uploads\/2022\/04\/04_noemi_staniszewska_Brussels_742PM_oil_on_canvas_140x100_2017-edited.jpg 856w, https:\/\/noemistaniszewska.pl\/wp-content\/uploads\/2022\/04\/04_noemi_staniszewska_Brussels_742PM_oil_on_canvas_140x100_2017-edited-300x300.jpg 300w, https:\/\/noemistaniszewska.pl\/wp-content\/uploads\/2022\/04\/04_noemi_staniszewska_Brussels_742PM_oil_on_canvas_140x100_2017-edited-150x150.jpg 150w, https:\/\/noemistaniszewska.pl\/wp-content\/uploads\/2022\/04\/04_noemi_staniszewska_Brussels_742PM_oil_on_canvas_140x100_2017-edited-768x769.jpg 768w, https:\/\/noemistaniszewska.pl\/wp-content\/uploads\/2022\/04\/04_noemi_staniszewska_Brussels_742PM_oil_on_canvas_140x100_2017-edited-350x350.jpg 350w, https:\/\/noemistaniszewska.pl\/wp-content\/uploads\/2022\/04\/04_noemi_staniszewska_Brussels_742PM_oil_on_canvas_140x100_2017-edited-600x601.jpg 600w, https:\/\/noemistaniszewska.pl\/wp-content\/uploads\/2022\/04\/04_noemi_staniszewska_Brussels_742PM_oil_on_canvas_140x100_2017-edited-100x100.jpg 100w\" sizes=\"(max-width: 856px) 100vw, 856px\" \/>\t\t\t\t\t\t\t\t<\/a>\n\t\t\t\t\t\t\t\t\t\t\t\t\t\t\t<\/div>\n\t\t\t\t<\/div>\n\t\t\t\t<div class=\"elementor-element elementor-element-9040e0c elementor-widget elementor-widget-heading\" data-id=\"9040e0c\" data-element_type=\"widget\" data-e-type=\"widget\" data-widget_type=\"heading.default\">\n\t\t\t\t<div class=\"elementor-widget-container\">\n\t\t\t\t\t<h3 class=\"elementor-heading-title elementor-size-default\"><h3>Wierzowce<\/h3>\t\t\t\t<\/div>\n\t\t\t\t<\/div>\n\t\t\t\t<div class=\"elementor-element elementor-element-99b12c6 elementor-widget elementor-widget-spacer\" data-id=\"99b12c6\" data-element_type=\"widget\" data-e-type=\"widget\" data-widget_type=\"spacer.default\">\n\t\t\t\t<div class=\"elementor-widget-container\">\n\t\t\t\t\t\t\t<div class=\"elementor-spacer\">\n\t\t\t<div class=\"elementor-spacer-inner\"><\/div>\n\t\t<\/div>\n\t\t\t\t\t\t<\/div>\n\t\t\t\t<\/div>\n\t\t\t\t<div class=\"elementor-element elementor-element-749170e elementor-widget elementor-widget-text-editor\" data-id=\"749170e\" data-element_type=\"widget\" data-e-type=\"widget\" data-widget_type=\"text-editor.default\">\n\t\t\t\t<div class=\"elementor-widget-container\">\n\t\t\t\t\t\t\t\t\t<p>Seria obraz\u00f3w b\u0119d\u0105ca komentarzem do kondycji cz\u0142owieka pracuj\u0105cego w nowym kapitalizmie.<\/p><p>Obrazy o tym co nas w narzuconych strukturach ogranicza, ale te\u017c o tym co nas w nich poci\u0105ga.<\/p>\t\t\t\t\t\t\t\t<\/div>\n\t\t\t\t<\/div>\n\t\t\t\t\t<\/div>\n\t\t<\/div>\n\t\t\t\t<div class=\"elementor-column elementor-col-25 elementor-top-column elementor-element elementor-element-f137bc0\" data-id=\"f137bc0\" data-element_type=\"column\" data-e-type=\"column\">\n\t\t\t<div class=\"elementor-widget-wrap elementor-element-populated\">\n\t\t\t\t\t\t<div class=\"elementor-element elementor-element-9699733 elementor-widget elementor-widget-image\" data-id=\"9699733\" data-element_type=\"widget\" data-e-type=\"widget\" data-widget_type=\"image.default\">\n\t\t\t\t<div class=\"elementor-widget-container\">\n\t\t\t\t\t\t\t\t\t\t\t\t\t\t\t\t<a href=\"http:\/\/noemistaniszewska.pl\/index.php\/obrazy-o-predkosci-maluje-sie-powoli\/\">\n\t\t\t\t\t\t\t<img decoding=\"async\" width=\"1019\" height=\"1021\" src=\"https:\/\/noemistaniszewska.pl\/wp-content\/uploads\/2022\/04\/02_noemi_staniszewska_US-131_acrylic_on_canvas_100x150_2014-edited-1022x1024.jpg\" class=\"attachment-large size-large wp-image-361\" alt=\"\" srcset=\"https:\/\/noemistaniszewska.pl\/wp-content\/uploads\/2022\/04\/02_noemi_staniszewska_US-131_acrylic_on_canvas_100x150_2014-edited-1022x1024.jpg 1022w, https:\/\/noemistaniszewska.pl\/wp-content\/uploads\/2022\/04\/02_noemi_staniszewska_US-131_acrylic_on_canvas_100x150_2014-edited-300x300.jpg 300w, https:\/\/noemistaniszewska.pl\/wp-content\/uploads\/2022\/04\/02_noemi_staniszewska_US-131_acrylic_on_canvas_100x150_2014-edited-150x150.jpg 150w, https:\/\/noemistaniszewska.pl\/wp-content\/uploads\/2022\/04\/02_noemi_staniszewska_US-131_acrylic_on_canvas_100x150_2014-edited-768x770.jpg 768w, https:\/\/noemistaniszewska.pl\/wp-content\/uploads\/2022\/04\/02_noemi_staniszewska_US-131_acrylic_on_canvas_100x150_2014-edited-1533x1536.jpg 1533w, https:\/\/noemistaniszewska.pl\/wp-content\/uploads\/2022\/04\/02_noemi_staniszewska_US-131_acrylic_on_canvas_100x150_2014-edited-349x350.jpg 349w, https:\/\/noemistaniszewska.pl\/wp-content\/uploads\/2022\/04\/02_noemi_staniszewska_US-131_acrylic_on_canvas_100x150_2014-edited-600x601.jpg 600w, https:\/\/noemistaniszewska.pl\/wp-content\/uploads\/2022\/04\/02_noemi_staniszewska_US-131_acrylic_on_canvas_100x150_2014-edited-100x100.jpg 100w, https:\/\/noemistaniszewska.pl\/wp-content\/uploads\/2022\/04\/02_noemi_staniszewska_US-131_acrylic_on_canvas_100x150_2014-edited.jpg 1996w\" sizes=\"(max-width: 1019px) 100vw, 1019px\" \/>\t\t\t\t\t\t\t\t<\/a>\n\t\t\t\t\t\t\t\t\t\t\t\t\t\t\t<\/div>\n\t\t\t\t<\/div>\n\t\t\t\t<div class=\"elementor-element elementor-element-6808583 elementor-widget elementor-widget-heading\" data-id=\"6808583\" data-element_type=\"widget\" data-e-type=\"widget\" data-widget_type=\"heading.default\">\n\t\t\t\t<div class=\"elementor-widget-container\">\n\t\t\t\t\t<h3 class=\"elementor-heading-title elementor-size-default\"><h3>Obrazy o pr\u0119dko\u015bci maluje si\u0119 powoli<\/h3>\t\t\t\t<\/div>\n\t\t\t\t<\/div>\n\t\t\t\t<div class=\"elementor-element elementor-element-e044922 elementor-widget elementor-widget-text-editor\" data-id=\"e044922\" data-element_type=\"widget\" data-e-type=\"widget\" data-widget_type=\"text-editor.default\">\n\t\t\t\t<div class=\"elementor-widget-container\">\n\t\t\t\t\t\t\t\t\t<p class=\"has-text-align-center\">Cykl prac <em>Obrazy o pr\u0119dko\u015bci maluje si\u0119 powoli<\/em> porusza temat szybko\u015bci wsp\u00f3\u0142czesnego \u017cycia w nawi\u0105zaniu do teorii nie-miejsc Marca Aug\u00e9. Autostrady to przestrzenie, kt\u00f3re jedynie mijamy, nie maj\u0105c mo\u017cliwo\u015bci zatrzymania, nie daj\u0105 nam szansy zaistnienia w nich.<\/p>\t\t\t\t\t\t\t\t<\/div>\n\t\t\t\t<\/div>\n\t\t\t\t\t<\/div>\n\t\t<\/div>\n\t\t\t\t<div class=\"elementor-column elementor-col-25 elementor-top-column elementor-element elementor-element-7aa32c2\" data-id=\"7aa32c2\" data-element_type=\"column\" data-e-type=\"column\">\n\t\t\t<div class=\"elementor-widget-wrap elementor-element-populated\">\n\t\t\t\t\t\t<div class=\"elementor-element elementor-element-980ebe7 elementor-widget elementor-widget-image\" data-id=\"980ebe7\" data-element_type=\"widget\" data-e-type=\"widget\" data-widget_type=\"image.default\">\n\t\t\t\t<div class=\"elementor-widget-container\">\n\t\t\t\t\t\t\t\t\t\t\t\t\t\t\t\t<a href=\"http:\/\/noemistaniszewska.pl\/index.php\/martwe-natury-holenderskie\/\">\n\t\t\t\t\t\t\t<img decoding=\"async\" width=\"1019\" height=\"1019\" src=\"https:\/\/noemistaniszewska.pl\/wp-content\/uploads\/2022\/04\/03_noemi_staniszewska_dutch_still_life_2_tempera_on_board_collage_18x25_2013-edited-1-1024x1024.jpg\" class=\"attachment-large size-large wp-image-696\" alt=\"\" srcset=\"https:\/\/noemistaniszewska.pl\/wp-content\/uploads\/2022\/04\/03_noemi_staniszewska_dutch_still_life_2_tempera_on_board_collage_18x25_2013-edited-1-1024x1024.jpg 1024w, https:\/\/noemistaniszewska.pl\/wp-content\/uploads\/2022\/04\/03_noemi_staniszewska_dutch_still_life_2_tempera_on_board_collage_18x25_2013-edited-1-300x300.jpg 300w, https:\/\/noemistaniszewska.pl\/wp-content\/uploads\/2022\/04\/03_noemi_staniszewska_dutch_still_life_2_tempera_on_board_collage_18x25_2013-edited-1-150x150.jpg 150w, https:\/\/noemistaniszewska.pl\/wp-content\/uploads\/2022\/04\/03_noemi_staniszewska_dutch_still_life_2_tempera_on_board_collage_18x25_2013-edited-1-768x768.jpg 768w, https:\/\/noemistaniszewska.pl\/wp-content\/uploads\/2022\/04\/03_noemi_staniszewska_dutch_still_life_2_tempera_on_board_collage_18x25_2013-edited-1-1536x1536.jpg 1536w, https:\/\/noemistaniszewska.pl\/wp-content\/uploads\/2022\/04\/03_noemi_staniszewska_dutch_still_life_2_tempera_on_board_collage_18x25_2013-edited-1-2048x2048.jpg 2048w, https:\/\/noemistaniszewska.pl\/wp-content\/uploads\/2022\/04\/03_noemi_staniszewska_dutch_still_life_2_tempera_on_board_collage_18x25_2013-edited-1-350x350.jpg 350w, https:\/\/noemistaniszewska.pl\/wp-content\/uploads\/2022\/04\/03_noemi_staniszewska_dutch_still_life_2_tempera_on_board_collage_18x25_2013-edited-1-600x600.jpg 600w, https:\/\/noemistaniszewska.pl\/wp-content\/uploads\/2022\/04\/03_noemi_staniszewska_dutch_still_life_2_tempera_on_board_collage_18x25_2013-edited-1-100x100.jpg 100w\" sizes=\"(max-width: 1019px) 100vw, 1019px\" \/>\t\t\t\t\t\t\t\t<\/a>\n\t\t\t\t\t\t\t\t\t\t\t\t\t\t\t<\/div>\n\t\t\t\t<\/div>\n\t\t\t\t<div class=\"elementor-element elementor-element-bffa9e2 elementor-widget elementor-widget-heading\" data-id=\"bffa9e2\" data-element_type=\"widget\" data-e-type=\"widget\" data-widget_type=\"heading.default\">\n\t\t\t\t<div class=\"elementor-widget-container\">\n\t\t\t\t\t<h3 class=\"elementor-heading-title elementor-size-default\"><h3>Martwe Natury Holenderskie<\/h3>\t\t\t\t<\/div>\n\t\t\t\t<\/div>\n\t\t\t\t<div class=\"elementor-element elementor-element-ce52e1d elementor-widget elementor-widget-text-editor\" data-id=\"ce52e1d\" data-element_type=\"widget\" data-e-type=\"widget\" data-widget_type=\"text-editor.default\">\n\t\t\t\t<div class=\"elementor-widget-container\">\n\t\t\t\t\t\t\t\t\t<p class=\"has-text-align-center\">Obrazy odwo\u0142uj\u0105ce si\u0119 do tradycji martwej natury. Nawi\u0105zuj\u0105ce do historycznej i wsp\u00f3\u0142czesnej relacji mi\u0119dzy pieni\u0119dzmi a sztuk\u0105.<\/p>\t\t\t\t\t\t\t\t<\/div>\n\t\t\t\t<\/div>\n\t\t\t\t\t<\/div>\n\t\t<\/div>\n\t\t\t\t<div class=\"elementor-column elementor-col-25 elementor-top-column elementor-element elementor-element-c6ca5ff\" data-id=\"c6ca5ff\" data-element_type=\"column\" data-e-type=\"column\">\n\t\t\t<div class=\"elementor-widget-wrap elementor-element-populated\">\n\t\t\t\t\t\t<div class=\"elementor-element elementor-element-0516f0a elementor-widget elementor-widget-image\" data-id=\"0516f0a\" data-element_type=\"widget\" data-e-type=\"widget\" data-widget_type=\"image.default\">\n\t\t\t\t<div class=\"elementor-widget-container\">\n\t\t\t\t\t\t\t\t\t\t\t\t\t\t\t\t<a href=\"http:\/\/noemistaniszewska.pl\/index.php\/live-evil\/\">\n\t\t\t\t\t\t\t<img loading=\"lazy\" decoding=\"async\" width=\"999\" height=\"1000\" src=\"https:\/\/noemistaniszewska.pl\/wp-content\/uploads\/2022\/04\/02_noemi_staniszewska_live_evil_2_acrylic_on_canvas_100x140_2012-edited-1.jpg\" class=\"attachment-large size-large wp-image-695\" alt=\"\" srcset=\"https:\/\/noemistaniszewska.pl\/wp-content\/uploads\/2022\/04\/02_noemi_staniszewska_live_evil_2_acrylic_on_canvas_100x140_2012-edited-1.jpg 999w, https:\/\/noemistaniszewska.pl\/wp-content\/uploads\/2022\/04\/02_noemi_staniszewska_live_evil_2_acrylic_on_canvas_100x140_2012-edited-1-300x300.jpg 300w, https:\/\/noemistaniszewska.pl\/wp-content\/uploads\/2022\/04\/02_noemi_staniszewska_live_evil_2_acrylic_on_canvas_100x140_2012-edited-1-150x150.jpg 150w, https:\/\/noemistaniszewska.pl\/wp-content\/uploads\/2022\/04\/02_noemi_staniszewska_live_evil_2_acrylic_on_canvas_100x140_2012-edited-1-768x769.jpg 768w, https:\/\/noemistaniszewska.pl\/wp-content\/uploads\/2022\/04\/02_noemi_staniszewska_live_evil_2_acrylic_on_canvas_100x140_2012-edited-1-350x350.jpg 350w, https:\/\/noemistaniszewska.pl\/wp-content\/uploads\/2022\/04\/02_noemi_staniszewska_live_evil_2_acrylic_on_canvas_100x140_2012-edited-1-600x601.jpg 600w, https:\/\/noemistaniszewska.pl\/wp-content\/uploads\/2022\/04\/02_noemi_staniszewska_live_evil_2_acrylic_on_canvas_100x140_2012-edited-1-100x100.jpg 100w\" sizes=\"(max-width: 999px) 100vw, 999px\" \/>\t\t\t\t\t\t\t\t<\/a>\n\t\t\t\t\t\t\t\t\t\t\t\t\t\t\t<\/div>\n\t\t\t\t<\/div>\n\t\t\t\t<div class=\"elementor-element elementor-element-2e3d7be elementor-widget elementor-widget-heading\" data-id=\"2e3d7be\" data-element_type=\"widget\" data-e-type=\"widget\" data-widget_type=\"heading.default\">\n\t\t\t\t<div class=\"elementor-widget-container\">\n\t\t\t\t\t<h3 class=\"elementor-heading-title elementor-size-default\"><h3>LIVE EVIL<\/h3>\t\t\t\t<\/div>\n\t\t\t\t<\/div>\n\t\t\t\t<div class=\"elementor-element elementor-element-3998201 elementor-widget elementor-widget-spacer\" data-id=\"3998201\" data-element_type=\"widget\" data-e-type=\"widget\" data-widget_type=\"spacer.default\">\n\t\t\t\t<div class=\"elementor-widget-container\">\n\t\t\t\t\t\t\t<div class=\"elementor-spacer\">\n\t\t\t<div class=\"elementor-spacer-inner\"><\/div>\n\t\t<\/div>\n\t\t\t\t\t\t<\/div>\n\t\t\t\t<\/div>\n\t\t\t\t<div class=\"elementor-element elementor-element-e440530 elementor-widget elementor-widget-text-editor\" data-id=\"e440530\" data-element_type=\"widget\" data-e-type=\"widget\" data-widget_type=\"text-editor.default\">\n\t\t\t\t<div class=\"elementor-widget-container\">\n\t\t\t\t\t\t\t\t\t<p>Seria obraz\u00f3w odnosz\u0105cych si\u0119 do pozycji jednostki wewn\u0105trz systemu. O tym co dzieje si\u0119 kiedy tracimy indywidualno\u015b\u0107 i stajemy si\u0119 cz\u0119\u015bci\u0105 t\u0142umu.<\/p>\t\t\t\t\t\t\t\t<\/div>\n\t\t\t\t<\/div>\n\t\t\t\t\t<\/div>\n\t\t<\/div>\n\t\t\t\t\t<\/div>\n\t\t<\/section>\n\t\t\t\t<section class=\"elementor-section elementor-top-section elementor-element elementor-element-656a9ab elementor-section-boxed elementor-section-height-default elementor-section-height-default\" data-id=\"656a9ab\" data-element_type=\"section\" data-e-type=\"section\">\n\t\t\t\t\t\t<div class=\"elementor-container elementor-column-gap-default\">\n\t\t\t\t\t<div class=\"elementor-column elementor-col-100 elementor-top-column elementor-element elementor-element-06e6bad\" data-id=\"06e6bad\" data-element_type=\"column\" data-e-type=\"column\">\n\t\t\t<div class=\"elementor-widget-wrap\">\n\t\t\t\t\t\t\t<\/div>\n\t\t<\/div>\n\t\t\t\t\t<\/div>\n\t\t<\/section>\n\t\t\t\t<\/div>\n\t\t","protected":false},"excerpt":{"rendered":"<p>Wierzowce Seria obraz\u00f3w b\u0119d\u0105ca komentarzem do kondycji cz\u0142owieka pracuj\u0105cego w nowym kapitalizmie. Obrazy o tym co nas w narzuconych strukturach ogranicza, ale te\u017c o tym co nas w nich poci\u0105ga. Obrazy o pr\u0119dko\u015bci maluje si\u0119 powoli Cykl prac Obrazy o pr\u0119dko\u015bci maluje si\u0119 powoli porusza temat szybko\u015bci wsp\u00f3\u0142czesnego \u017cycia w &hellip;<\/p>\n","protected":false},"author":1,"featured_media":0,"parent":0,"menu_order":0,"comment_status":"closed","ping_status":"closed","template":"","meta":{"_eb_attr":"","_monsterinsights_skip_tracking":false,"_monsterinsights_sitenote_active":false,"_monsterinsights_sitenote_note":"","_monsterinsights_sitenote_category":0,"_themeisle_gutenberg_block_has_review":false,"footnotes":""},"class_list":["post-451","page","type-page","status-publish","hentry"],"aioseo_notices":[],"_links":{"self":[{"href":"https:\/\/noemistaniszewska.pl\/index.php\/wp-json\/wp\/v2\/pages\/451","targetHints":{"allow":["GET"]}}],"collection":[{"href":"https:\/\/noemistaniszewska.pl\/index.php\/wp-json\/wp\/v2\/pages"}],"about":[{"href":"https:\/\/noemistaniszewska.pl\/index.php\/wp-json\/wp\/v2\/types\/page"}],"author":[{"embeddable":true,"href":"https:\/\/noemistaniszewska.pl\/index.php\/wp-json\/wp\/v2\/users\/1"}],"replies":[{"embeddable":true,"href":"https:\/\/noemistaniszewska.pl\/index.php\/wp-json\/wp\/v2\/comments?post=451"}],"version-history":[{"count":90,"href":"https:\/\/noemistaniszewska.pl\/index.php\/wp-json\/wp\/v2\/pages\/451\/revisions"}],"predecessor-version":[{"id":837,"href":"https:\/\/noemistaniszewska.pl\/index.php\/wp-json\/wp\/v2\/pages\/451\/revisions\/837"}],"wp:attachment":[{"href":"https:\/\/noemistaniszewska.pl\/index.php\/wp-json\/wp\/v2\/media?parent=451"}],"curies":[{"name":"wp","href":"https:\/\/api.w.org\/{rel}","templated":true}]}}