{"id":496,"date":"2020-01-07T16:38:22","date_gmt":"2020-01-07T16:38:22","guid":{"rendered":"http:\/\/noemistaniszewska.pl\/?page_id=496"},"modified":"2026-02-20T21:40:06","modified_gmt":"2026-02-20T21:40:06","slug":"home","status":"publish","type":"page","link":"https:\/\/noemistaniszewska.pl\/index.php\/en\/home\/","title":{"rendered":"Home"},"content":{"rendered":"\t\t<div data-elementor-type=\"wp-page\" data-elementor-id=\"496\" class=\"elementor elementor-496\">\n\t\t\t\t\t\t<section class=\"elementor-section elementor-top-section elementor-element elementor-element-71ff90c elementor-section-boxed elementor-section-height-default elementor-section-height-default\" data-id=\"71ff90c\" data-element_type=\"section\" data-e-type=\"section\">\n\t\t\t\t\t\t<div class=\"elementor-container elementor-column-gap-default\">\n\t\t\t\t\t<div class=\"elementor-column elementor-col-100 elementor-top-column elementor-element elementor-element-fc70cfc\" data-id=\"fc70cfc\" data-element_type=\"column\" data-e-type=\"column\">\n\t\t\t<div class=\"elementor-widget-wrap elementor-element-populated\">\n\t\t\t\t\t\t<div class=\"elementor-element elementor-element-384fde9 elementor-widget-divider--view-line elementor-widget elementor-widget-divider\" data-id=\"384fde9\" data-element_type=\"widget\" data-e-type=\"widget\" data-widget_type=\"divider.default\">\n\t\t\t\t<div class=\"elementor-widget-container\">\n\t\t\t\t\t\t\t<div class=\"elementor-divider\">\n\t\t\t<span class=\"elementor-divider-separator\">\n\t\t\t\t\t\t<\/span>\n\t\t<\/div>\n\t\t\t\t\t\t<\/div>\n\t\t\t\t<\/div>\n\t\t\t\t\t<\/div>\n\t\t<\/div>\n\t\t\t\t\t<\/div>\n\t\t<\/section>\n\t\t\t\t<section class=\"elementor-section elementor-top-section elementor-element elementor-element-9fac6c9 elementor-section-boxed elementor-section-height-default elementor-section-height-default\" data-id=\"9fac6c9\" data-element_type=\"section\" data-e-type=\"section\">\n\t\t\t\t\t\t<div class=\"elementor-container elementor-column-gap-default\">\n\t\t\t\t\t<div class=\"elementor-column elementor-col-100 elementor-top-column elementor-element elementor-element-96a70d0\" data-id=\"96a70d0\" data-element_type=\"column\" data-e-type=\"column\">\n\t\t\t<div class=\"elementor-widget-wrap elementor-element-populated\">\n\t\t\t\t\t\t<div class=\"elementor-element elementor-element-bebd9e3 elementor-widget elementor-widget-heading\" data-id=\"bebd9e3\" data-element_type=\"widget\" data-e-type=\"widget\" data-widget_type=\"heading.default\">\n\t\t\t\t<div class=\"elementor-widget-container\">\n\t\t\t\t\t<h4 class=\"elementor-heading-title elementor-size-default\">News<\/h4>\t\t\t\t<\/div>\n\t\t\t\t<\/div>\n\t\t\t\t\t<\/div>\n\t\t<\/div>\n\t\t\t\t\t<\/div>\n\t\t<\/section>\n\t\t\t\t<section class=\"elementor-section elementor-top-section elementor-element elementor-element-f987ba4 elementor-section-boxed elementor-section-height-default elementor-section-height-default\" data-id=\"f987ba4\" data-element_type=\"section\" data-e-type=\"section\">\n\t\t\t\t\t\t<div class=\"elementor-container elementor-column-gap-default\">\n\t\t\t\t\t<div class=\"elementor-column elementor-col-100 elementor-top-column elementor-element elementor-element-f68a4e7\" data-id=\"f68a4e7\" data-element_type=\"column\" data-e-type=\"column\">\n\t\t\t<div class=\"elementor-widget-wrap elementor-element-populated\">\n\t\t\t\t\t\t<div class=\"elementor-element elementor-element-db01845 elementor-grid-eael-col-3 elementor-grid-mobile-eael-col-2 elementor-grid-tablet-eael-col-2 elementor-widget elementor-widget-eael-post-grid\" data-id=\"db01845\" data-element_type=\"widget\" data-e-type=\"widget\" data-settings=\"{&quot;eael_post_grid_columns&quot;:&quot;eael-col-3&quot;,&quot;eael_post_grid_columns_mobile&quot;:&quot;eael-col-2&quot;,&quot;eael_post_grid_columns_tablet&quot;:&quot;eael-col-2&quot;}\" data-widget_type=\"eael-post-grid.default\">\n\t\t\t\t<div class=\"elementor-widget-container\">\n\t\t\t\t\t<div id=\"eael-post-grid-db01845\" class=\"eael-post-grid-container\">\n            <div class=\"eael-post-grid eael-post-appender eael-post-appender-db01845 eael-post-grid-style-two\" data-layout-mode=\"grid\"><article class=\"eael-grid-post  eael-post-grid-column eael-pg-post-1069 category-bez-kategorii-pl\" data-id=\"1069\">\n    <div class=\"eael-grid-post-holder\">\n        <div class=\"eael-grid-post-holder-inner\"><div class=\"eael-entry-media\"><div class=\"eael-entry-overlay fade-in\"><i class=\"fas fa-long-arrow-alt-right\" aria-hidden=\"true\"><\/i><a href=\"https:\/\/noemistaniszewska.pl\/index.php\/2025\/05\/28\/noc-wiezowcow-w-q22\/\"><\/a><\/div><div class=\"eael-entry-thumbnail eael-image-ratio\">\n                            <img fetchpriority=\"high\" decoding=\"async\" width=\"300\" height=\"227\" src=\"https:\/\/noemistaniszewska.pl\/wp-content\/uploads\/2025\/05\/noc_wiezowcow_q22_wierzowce_v2_v2-e1748460665835-300x227.jpg\" class=\"attachment-medium size-medium wp-image-1076\" alt=\"\" srcset=\"https:\/\/noemistaniszewska.pl\/wp-content\/uploads\/2025\/05\/noc_wiezowcow_q22_wierzowce_v2_v2-e1748460665835-300x227.jpg 300w, https:\/\/noemistaniszewska.pl\/wp-content\/uploads\/2025\/05\/noc_wiezowcow_q22_wierzowce_v2_v2-e1748460665835-331x250.jpg 331w, https:\/\/noemistaniszewska.pl\/wp-content\/uploads\/2025\/05\/noc_wiezowcow_q22_wierzowce_v2_v2-e1748460665835.jpg 621w\" sizes=\"(max-width: 300px) 100vw, 300px\" \/>\n                            <\/div>\n                    <\/div><div class=\"eael-entry-wrapper\"><header class=\"eael-entry-header\"><h5 class=\"eael-entry-title\"><a class=\"eael-grid-post-link\" href=\"https:\/\/noemistaniszewska.pl\/index.php\/2025\/05\/28\/noc-wiezowcow-w-q22\/\" title=\"Noc Wie\u017cowc\u00f3w w Q22\">Noc Wie\u017cowc\u00f3w w Q22<\/a><\/h5><\/header><div class=\"eael-entry-content\">\n                                <div class=\"eael-grid-post-excerpt\"><p>W sobot\u0119 31 maja o godzinie 18.00 w wie\u017cowcu Q22 w Warszawie odb\u0119dzie si\u0119 wernisa\u017c wystawy wierzowce_v2...<\/p><\/div>\n                            <\/div><\/div><\/div>\n    <\/div>\n<\/article><article class=\"eael-grid-post  eael-post-grid-column eael-pg-post-1349 category-bez-kategorii-en\" data-id=\"1349\">\n    <div class=\"eael-grid-post-holder\">\n        <div class=\"eael-grid-post-holder-inner\"><div class=\"eael-entry-media\"><div class=\"eael-entry-overlay fade-in\"><i class=\"fas fa-long-arrow-alt-right\" aria-hidden=\"true\"><\/i><a href=\"https:\/\/noemistaniszewska.pl\/index.php\/en\/2025\/05\/28\/elementor-1349\/\"><\/a><\/div><div class=\"eael-entry-thumbnail eael-image-ratio\">\n                            <img fetchpriority=\"high\" decoding=\"async\" width=\"300\" height=\"227\" src=\"https:\/\/noemistaniszewska.pl\/wp-content\/uploads\/2025\/05\/noc_wiezowcow_q22_wierzowce_v2_v2-e1748460665835-300x227.jpg\" class=\"attachment-medium size-medium wp-image-1076\" alt=\"\" srcset=\"https:\/\/noemistaniszewska.pl\/wp-content\/uploads\/2025\/05\/noc_wiezowcow_q22_wierzowce_v2_v2-e1748460665835-300x227.jpg 300w, https:\/\/noemistaniszewska.pl\/wp-content\/uploads\/2025\/05\/noc_wiezowcow_q22_wierzowce_v2_v2-e1748460665835-331x250.jpg 331w, https:\/\/noemistaniszewska.pl\/wp-content\/uploads\/2025\/05\/noc_wiezowcow_q22_wierzowce_v2_v2-e1748460665835.jpg 621w\" sizes=\"(max-width: 300px) 100vw, 300px\" \/>\n                            <\/div>\n                    <\/div><div class=\"eael-entry-wrapper\"><header class=\"eael-entry-header\"><h5 class=\"eael-entry-title\"><a class=\"eael-grid-post-link\" href=\"https:\/\/noemistaniszewska.pl\/index.php\/en\/2025\/05\/28\/elementor-1349\/\" title=\"Night of Skyscrapers in Q22\">Night of Skyscrapers in Q22<\/a><\/h5><\/header><div class=\"eael-entry-content\">\n                                <div class=\"eael-grid-post-excerpt\"><p>The Heavenscrapers_v2 exhibition opening will be held in the Q22 skyscraper in Warsaw on 31 May<\/p><\/div>\n                            <\/div><\/div><\/div>\n    <\/div>\n<\/article><article class=\"eael-grid-post  eael-post-grid-column eael-pg-post-1016\" data-id=\"1016\">\n    <div class=\"eael-grid-post-holder\">\n        <div class=\"eael-grid-post-holder-inner\"><div class=\"eael-entry-media\"><div class=\"eael-entry-overlay fade-in\"><i class=\"fas fa-long-arrow-alt-right\" aria-hidden=\"true\"><\/i><a href=\"https:\/\/noemistaniszewska.pl\/index.php\/2025\/03\/31\/szybowce-wystawa-w-teatrze-boto\/\"><\/a><\/div><div class=\"eael-entry-thumbnail eael-image-ratio\">\n                            <img decoding=\"async\" width=\"300\" height=\"235\" src=\"https:\/\/noemistaniszewska.pl\/wp-content\/uploads\/2025\/03\/szybowce_staniszewska_www-e1743413887687-300x235.jpg\" class=\"attachment-medium size-medium wp-image-1062\" alt=\"wystawa Szybowce w Teatrze Boto\" srcset=\"https:\/\/noemistaniszewska.pl\/wp-content\/uploads\/2025\/03\/szybowce_staniszewska_www-e1743413887687-300x235.jpg 300w, https:\/\/noemistaniszewska.pl\/wp-content\/uploads\/2025\/03\/szybowce_staniszewska_www-e1743413887687-768x601.jpg 768w, https:\/\/noemistaniszewska.pl\/wp-content\/uploads\/2025\/03\/szybowce_staniszewska_www-e1743413887687-320x250.jpg 320w, https:\/\/noemistaniszewska.pl\/wp-content\/uploads\/2025\/03\/szybowce_staniszewska_www-e1743413887687.jpg 991w\" sizes=\"(max-width: 300px) 100vw, 300px\" \/>\n                            <\/div>\n                    <\/div><div class=\"eael-entry-wrapper\"><header class=\"eael-entry-header\"><h5 class=\"eael-entry-title\"><a class=\"eael-grid-post-link\" href=\"https:\/\/noemistaniszewska.pl\/index.php\/2025\/03\/31\/szybowce-wystawa-w-teatrze-boto\/\" title=\"Szybowce &#8211; wystawa w Teatrze Boto\">Szybowce &#8211; wystawa w Teatrze Boto<\/a><\/h5><\/header><div class=\"eael-entry-content\">\n                                <div class=\"eael-grid-post-excerpt\"><p>W niedziel\u0119 13 kwietnia o godzinie 19.00 w Teatrze Boto w Sopocie odb\u0119dzie si\u0119 wernisa\u017c wystawy Szybowce.<\/p><\/div>\n                            <\/div><\/div><\/div>\n    <\/div>\n<\/article><article class=\"eael-grid-post  eael-post-grid-column eael-pg-post-1226 category-wystawa\" data-id=\"1226\">\n    <div class=\"eael-grid-post-holder\">\n        <div class=\"eael-grid-post-holder-inner\"><div class=\"eael-entry-media\"><div class=\"eael-entry-overlay fade-in\"><i class=\"fas fa-long-arrow-alt-right\" aria-hidden=\"true\"><\/i><a href=\"https:\/\/noemistaniszewska.pl\/index.php\/en\/2025\/03\/31\/glassiers-exhibition-in-boto-theatre\/\"><\/a><\/div><div class=\"eael-entry-thumbnail eael-image-ratio\">\n                            <img decoding=\"async\" width=\"300\" height=\"235\" src=\"https:\/\/noemistaniszewska.pl\/wp-content\/uploads\/2025\/03\/szybowce_staniszewska_www-e1743413887687-300x235.jpg\" class=\"attachment-medium size-medium wp-image-1062\" alt=\"wystawa Szybowce w Teatrze Boto\" srcset=\"https:\/\/noemistaniszewska.pl\/wp-content\/uploads\/2025\/03\/szybowce_staniszewska_www-e1743413887687-300x235.jpg 300w, https:\/\/noemistaniszewska.pl\/wp-content\/uploads\/2025\/03\/szybowce_staniszewska_www-e1743413887687-768x601.jpg 768w, https:\/\/noemistaniszewska.pl\/wp-content\/uploads\/2025\/03\/szybowce_staniszewska_www-e1743413887687-320x250.jpg 320w, https:\/\/noemistaniszewska.pl\/wp-content\/uploads\/2025\/03\/szybowce_staniszewska_www-e1743413887687.jpg 991w\" sizes=\"(max-width: 300px) 100vw, 300px\" \/>\n                            <\/div>\n                    <\/div><div class=\"eael-entry-wrapper\"><header class=\"eael-entry-header\"><h5 class=\"eael-entry-title\"><a class=\"eael-grid-post-link\" href=\"https:\/\/noemistaniszewska.pl\/index.php\/en\/2025\/03\/31\/glassiers-exhibition-in-boto-theatre\/\" title=\"Glassiers &#8211; exhibition in Boto Theatre\">Glassiers &#8211; exhibition in Boto Theatre<\/a><\/h5><\/header><div class=\"eael-entry-content\">\n                                <div class=\"eael-grid-post-excerpt\"><p>On Sunday, 13 April, the Boto Theatre in Sopot will host the opening of the exhibition Glassiers.<\/p><\/div>\n                            <\/div><\/div><\/div>\n    <\/div>\n<\/article><\/div>\n            <div class=\"clearfix\"><\/div>\n        <\/div>            <div class=\"eael-load-more-button-wrap\">\n                <button class=\"eael-load-more-button\" id=\"eael-load-more-btn-db01845\" data-widget-id=\"db01845\" data-widget=\"db01845\" data-page-id=\"496\" data-template=\"{&quot;dir&quot;:&quot;lite&quot;,&quot;file_name&quot;:&quot;two.php&quot;,&quot;name&quot;:&quot;Post-Grid&quot;}\" data-class=\"Essential_Addons_Elementor\\Elements\\Post_Grid\" data-layout=\"grid\" data-page=\"1\" data-args=\"orderby=date&amp;order=desc&amp;ignore_sticky_posts=1&amp;post_status=publish&amp;posts_per_page=4&amp;offset=0&amp;post_type=post\" data-max-page=\"2\">\n                    <span class=\"eael-btn-loader button__loader\"><\/span>\n                    <span class=\"eael_load_more_text\">more...<\/span>\n                <\/button>\n            <\/div>\n            \t\t\t\t<\/div>\n\t\t\t\t<\/div>\n\t\t\t\t\t<\/div>\n\t\t<\/div>\n\t\t\t\t\t<\/div>\n\t\t<\/section>\n\t\t\t\t<section class=\"elementor-section elementor-top-section elementor-element elementor-element-8d27cab elementor-section-boxed elementor-section-height-default elementor-section-height-default\" data-id=\"8d27cab\" data-element_type=\"section\" data-e-type=\"section\">\n\t\t\t\t\t\t<div class=\"elementor-container elementor-column-gap-default\">\n\t\t\t\t\t<div class=\"elementor-column elementor-col-100 elementor-top-column elementor-element elementor-element-fd6b2f1\" data-id=\"fd6b2f1\" data-element_type=\"column\" data-e-type=\"column\">\n\t\t\t<div class=\"elementor-widget-wrap elementor-element-populated\">\n\t\t\t\t\t\t<div class=\"elementor-element elementor-element-0c1f10a elementor-widget-divider--view-line elementor-widget elementor-widget-divider\" data-id=\"0c1f10a\" data-element_type=\"widget\" data-e-type=\"widget\" data-widget_type=\"divider.default\">\n\t\t\t\t<div class=\"elementor-widget-container\">\n\t\t\t\t\t\t\t<div class=\"elementor-divider\">\n\t\t\t<span class=\"elementor-divider-separator\">\n\t\t\t\t\t\t<\/span>\n\t\t<\/div>\n\t\t\t\t\t\t<\/div>\n\t\t\t\t<\/div>\n\t\t\t\t\t<\/div>\n\t\t<\/div>\n\t\t\t\t\t<\/div>\n\t\t<\/section>\n\t\t\t\t<section class=\"elementor-section elementor-top-section elementor-element elementor-element-666f53e elementor-section-boxed elementor-section-height-default elementor-section-height-default\" data-id=\"666f53e\" data-element_type=\"section\" data-e-type=\"section\">\n\t\t\t\t\t\t<div class=\"elementor-container elementor-column-gap-default\">\n\t\t\t\t\t<div class=\"elementor-column elementor-col-100 elementor-top-column elementor-element elementor-element-c853c97\" data-id=\"c853c97\" data-element_type=\"column\" data-e-type=\"column\">\n\t\t\t<div class=\"elementor-widget-wrap elementor-element-populated\">\n\t\t\t\t\t\t<div class=\"elementor-element elementor-element-5e899c1 elementor-widget elementor-widget-heading\" data-id=\"5e899c1\" data-element_type=\"widget\" data-e-type=\"widget\" data-widget_type=\"heading.default\">\n\t\t\t\t<div class=\"elementor-widget-container\">\n\t\t\t\t\t<h4 class=\"elementor-heading-title elementor-size-default\">Paintings<\/h4>\t\t\t\t<\/div>\n\t\t\t\t<\/div>\n\t\t\t\t\t<\/div>\n\t\t<\/div>\n\t\t\t\t\t<\/div>\n\t\t<\/section>\n\t\t\t\t<section class=\"elementor-section elementor-top-section elementor-element elementor-element-61f421e elementor-section-boxed elementor-section-height-default elementor-section-height-default\" data-id=\"61f421e\" data-element_type=\"section\" data-e-type=\"section\">\n\t\t\t\t\t\t<div class=\"elementor-container elementor-column-gap-default\">\n\t\t\t\t\t<div class=\"elementor-column elementor-col-25 elementor-top-column elementor-element elementor-element-5709bba6\" data-id=\"5709bba6\" data-element_type=\"column\" data-e-type=\"column\">\n\t\t\t<div class=\"elementor-widget-wrap elementor-element-populated\">\n\t\t\t\t\t\t<div class=\"elementor-element elementor-element-509b90d1 elementor-widget elementor-widget-image\" data-id=\"509b90d1\" data-element_type=\"widget\" data-e-type=\"widget\" data-widget_type=\"image.default\">\n\t\t\t\t<div class=\"elementor-widget-container\">\n\t\t\t\t\t\t\t\t\t\t\t\t<figure class=\"wp-caption\">\n\t\t\t\t\t\t\t\t\t\t\t<a href=\"http:\/\/noemistaniszewska.pl\/index.php\/en\/heavenscrapers\/\">\n\t\t\t\t\t\t\t<img decoding=\"async\" width=\"856\" height=\"857\" src=\"https:\/\/noemistaniszewska.pl\/wp-content\/uploads\/2022\/04\/04_noemi_staniszewska_Brussels_742PM_oil_on_canvas_140x100_2017-edited.jpg\" class=\"attachment-large size-large wp-image-360\" alt=\"\" srcset=\"https:\/\/noemistaniszewska.pl\/wp-content\/uploads\/2022\/04\/04_noemi_staniszewska_Brussels_742PM_oil_on_canvas_140x100_2017-edited.jpg 856w, https:\/\/noemistaniszewska.pl\/wp-content\/uploads\/2022\/04\/04_noemi_staniszewska_Brussels_742PM_oil_on_canvas_140x100_2017-edited-300x300.jpg 300w, https:\/\/noemistaniszewska.pl\/wp-content\/uploads\/2022\/04\/04_noemi_staniszewska_Brussels_742PM_oil_on_canvas_140x100_2017-edited-150x150.jpg 150w, https:\/\/noemistaniszewska.pl\/wp-content\/uploads\/2022\/04\/04_noemi_staniszewska_Brussels_742PM_oil_on_canvas_140x100_2017-edited-768x769.jpg 768w, https:\/\/noemistaniszewska.pl\/wp-content\/uploads\/2022\/04\/04_noemi_staniszewska_Brussels_742PM_oil_on_canvas_140x100_2017-edited-350x350.jpg 350w, https:\/\/noemistaniszewska.pl\/wp-content\/uploads\/2022\/04\/04_noemi_staniszewska_Brussels_742PM_oil_on_canvas_140x100_2017-edited-600x601.jpg 600w, https:\/\/noemistaniszewska.pl\/wp-content\/uploads\/2022\/04\/04_noemi_staniszewska_Brussels_742PM_oil_on_canvas_140x100_2017-edited-100x100.jpg 100w\" sizes=\"(max-width: 856px) 100vw, 856px\" \/>\t\t\t\t\t\t\t\t<\/a>\n\t\t\t\t\t\t\t\t\t\t\t<figcaption class=\"widget-image-caption wp-caption-text\">Heavenscrapers<\/figcaption>\n\t\t\t\t\t\t\t\t\t\t<\/figure>\n\t\t\t\t\t\t\t\t\t<\/div>\n\t\t\t\t<\/div>\n\t\t\t\t\t<\/div>\n\t\t<\/div>\n\t\t\t\t<div class=\"elementor-column elementor-col-25 elementor-top-column elementor-element elementor-element-6e4bfa14\" data-id=\"6e4bfa14\" data-element_type=\"column\" data-e-type=\"column\">\n\t\t\t<div class=\"elementor-widget-wrap elementor-element-populated\">\n\t\t\t\t\t\t<div class=\"elementor-element elementor-element-243f4676 elementor-widget elementor-widget-image\" data-id=\"243f4676\" data-element_type=\"widget\" data-e-type=\"widget\" data-widget_type=\"image.default\">\n\t\t\t\t<div class=\"elementor-widget-container\">\n\t\t\t\t\t\t\t\t\t\t\t\t<figure class=\"wp-caption\">\n\t\t\t\t\t\t\t\t\t\t\t<a href=\"http:\/\/noemistaniszewska.pl\/index.php\/en\/paintings-about-speed\/\">\n\t\t\t\t\t\t\t<img loading=\"lazy\" decoding=\"async\" width=\"1022\" height=\"1024\" src=\"https:\/\/noemistaniszewska.pl\/wp-content\/uploads\/2022\/04\/02_noemi_staniszewska_US-131_acrylic_on_canvas_100x150_2014-edited-1022x1024.jpg\" class=\"attachment-large size-large wp-image-361\" alt=\"\" srcset=\"https:\/\/noemistaniszewska.pl\/wp-content\/uploads\/2022\/04\/02_noemi_staniszewska_US-131_acrylic_on_canvas_100x150_2014-edited-1022x1024.jpg 1022w, https:\/\/noemistaniszewska.pl\/wp-content\/uploads\/2022\/04\/02_noemi_staniszewska_US-131_acrylic_on_canvas_100x150_2014-edited-300x300.jpg 300w, https:\/\/noemistaniszewska.pl\/wp-content\/uploads\/2022\/04\/02_noemi_staniszewska_US-131_acrylic_on_canvas_100x150_2014-edited-150x150.jpg 150w, https:\/\/noemistaniszewska.pl\/wp-content\/uploads\/2022\/04\/02_noemi_staniszewska_US-131_acrylic_on_canvas_100x150_2014-edited-768x770.jpg 768w, https:\/\/noemistaniszewska.pl\/wp-content\/uploads\/2022\/04\/02_noemi_staniszewska_US-131_acrylic_on_canvas_100x150_2014-edited-1533x1536.jpg 1533w, https:\/\/noemistaniszewska.pl\/wp-content\/uploads\/2022\/04\/02_noemi_staniszewska_US-131_acrylic_on_canvas_100x150_2014-edited-349x350.jpg 349w, https:\/\/noemistaniszewska.pl\/wp-content\/uploads\/2022\/04\/02_noemi_staniszewska_US-131_acrylic_on_canvas_100x150_2014-edited-600x601.jpg 600w, https:\/\/noemistaniszewska.pl\/wp-content\/uploads\/2022\/04\/02_noemi_staniszewska_US-131_acrylic_on_canvas_100x150_2014-edited-100x100.jpg 100w, https:\/\/noemistaniszewska.pl\/wp-content\/uploads\/2022\/04\/02_noemi_staniszewska_US-131_acrylic_on_canvas_100x150_2014-edited.jpg 1996w\" sizes=\"(max-width: 1022px) 100vw, 1022px\" \/>\t\t\t\t\t\t\t\t<\/a>\n\t\t\t\t\t\t\t\t\t\t\t<figcaption class=\"widget-image-caption wp-caption-text\">Paintings about Speed<\/figcaption>\n\t\t\t\t\t\t\t\t\t\t<\/figure>\n\t\t\t\t\t\t\t\t\t<\/div>\n\t\t\t\t<\/div>\n\t\t\t\t\t<\/div>\n\t\t<\/div>\n\t\t\t\t<div class=\"elementor-column elementor-col-25 elementor-top-column elementor-element elementor-element-74a4bda\" data-id=\"74a4bda\" data-element_type=\"column\" data-e-type=\"column\">\n\t\t\t<div class=\"elementor-widget-wrap elementor-element-populated\">\n\t\t\t\t\t\t<div class=\"elementor-element elementor-element-61240fdf elementor-widget__width-initial elementor-widget elementor-widget-image\" data-id=\"61240fdf\" data-element_type=\"widget\" data-e-type=\"widget\" data-widget_type=\"image.default\">\n\t\t\t\t<div class=\"elementor-widget-container\">\n\t\t\t\t\t\t\t\t\t\t\t\t<figure class=\"wp-caption\">\n\t\t\t\t\t\t\t\t\t\t\t<a href=\"https:\/\/noemistaniszewska.pl\/index.php\/en\/windows\/\">\n\t\t\t\t\t\t\t<img loading=\"lazy\" decoding=\"async\" width=\"1024\" height=\"1024\" src=\"https:\/\/noemistaniszewska.pl\/wp-content\/uploads\/2026\/01\/staniszewska_okna_VIII_20x20_olej_na_plotnie_2013-1024x1024.jpg\" class=\"attachment-large size-large wp-image-1171\" alt=\"\" srcset=\"https:\/\/noemistaniszewska.pl\/wp-content\/uploads\/2026\/01\/staniszewska_okna_VIII_20x20_olej_na_plotnie_2013-1024x1024.jpg 1024w, https:\/\/noemistaniszewska.pl\/wp-content\/uploads\/2026\/01\/staniszewska_okna_VIII_20x20_olej_na_plotnie_2013-300x300.jpg 300w, https:\/\/noemistaniszewska.pl\/wp-content\/uploads\/2026\/01\/staniszewska_okna_VIII_20x20_olej_na_plotnie_2013-150x150.jpg 150w, https:\/\/noemistaniszewska.pl\/wp-content\/uploads\/2026\/01\/staniszewska_okna_VIII_20x20_olej_na_plotnie_2013-768x768.jpg 768w, https:\/\/noemistaniszewska.pl\/wp-content\/uploads\/2026\/01\/staniszewska_okna_VIII_20x20_olej_na_plotnie_2013-1536x1536.jpg 1536w, https:\/\/noemistaniszewska.pl\/wp-content\/uploads\/2026\/01\/staniszewska_okna_VIII_20x20_olej_na_plotnie_2013-250x250.jpg 250w, https:\/\/noemistaniszewska.pl\/wp-content\/uploads\/2026\/01\/staniszewska_okna_VIII_20x20_olej_na_plotnie_2013.jpg 1920w\" sizes=\"(max-width: 1024px) 100vw, 1024px\" \/>\t\t\t\t\t\t\t\t<\/a>\n\t\t\t\t\t\t\t\t\t\t\t<figcaption class=\"widget-image-caption wp-caption-text\">Windows<\/figcaption>\n\t\t\t\t\t\t\t\t\t\t<\/figure>\n\t\t\t\t\t\t\t\t\t<\/div>\n\t\t\t\t<\/div>\n\t\t\t\t\t<\/div>\n\t\t<\/div>\n\t\t\t\t<div class=\"elementor-column elementor-col-25 elementor-top-column elementor-element elementor-element-3de2ed55\" data-id=\"3de2ed55\" data-element_type=\"column\" data-e-type=\"column\">\n\t\t\t<div class=\"elementor-widget-wrap elementor-element-populated\">\n\t\t\t\t\t\t<div class=\"elementor-element elementor-element-db0ab21 elementor-widget elementor-widget-image\" data-id=\"db0ab21\" data-element_type=\"widget\" data-e-type=\"widget\" data-widget_type=\"image.default\">\n\t\t\t\t<div class=\"elementor-widget-container\">\n\t\t\t\t\t\t\t\t\t\t\t\t<figure class=\"wp-caption\">\n\t\t\t\t\t\t\t\t\t\t\t<a href=\"http:\/\/noemistaniszewska.pl\/index.php\/en\/dutch-still-lifes\/\">\n\t\t\t\t\t\t\t<img loading=\"lazy\" decoding=\"async\" width=\"1024\" height=\"1024\" src=\"https:\/\/noemistaniszewska.pl\/wp-content\/uploads\/2022\/04\/03_noemi_staniszewska_dutch_still_life_2_tempera_on_board_collage_18x25_2013-edited-1-1024x1024.jpg\" class=\"attachment-large size-large wp-image-696\" alt=\"\" srcset=\"https:\/\/noemistaniszewska.pl\/wp-content\/uploads\/2022\/04\/03_noemi_staniszewska_dutch_still_life_2_tempera_on_board_collage_18x25_2013-edited-1-1024x1024.jpg 1024w, https:\/\/noemistaniszewska.pl\/wp-content\/uploads\/2022\/04\/03_noemi_staniszewska_dutch_still_life_2_tempera_on_board_collage_18x25_2013-edited-1-300x300.jpg 300w, https:\/\/noemistaniszewska.pl\/wp-content\/uploads\/2022\/04\/03_noemi_staniszewska_dutch_still_life_2_tempera_on_board_collage_18x25_2013-edited-1-150x150.jpg 150w, https:\/\/noemistaniszewska.pl\/wp-content\/uploads\/2022\/04\/03_noemi_staniszewska_dutch_still_life_2_tempera_on_board_collage_18x25_2013-edited-1-768x768.jpg 768w, https:\/\/noemistaniszewska.pl\/wp-content\/uploads\/2022\/04\/03_noemi_staniszewska_dutch_still_life_2_tempera_on_board_collage_18x25_2013-edited-1-1536x1536.jpg 1536w, https:\/\/noemistaniszewska.pl\/wp-content\/uploads\/2022\/04\/03_noemi_staniszewska_dutch_still_life_2_tempera_on_board_collage_18x25_2013-edited-1-2048x2048.jpg 2048w, https:\/\/noemistaniszewska.pl\/wp-content\/uploads\/2022\/04\/03_noemi_staniszewska_dutch_still_life_2_tempera_on_board_collage_18x25_2013-edited-1-350x350.jpg 350w, https:\/\/noemistaniszewska.pl\/wp-content\/uploads\/2022\/04\/03_noemi_staniszewska_dutch_still_life_2_tempera_on_board_collage_18x25_2013-edited-1-600x600.jpg 600w, https:\/\/noemistaniszewska.pl\/wp-content\/uploads\/2022\/04\/03_noemi_staniszewska_dutch_still_life_2_tempera_on_board_collage_18x25_2013-edited-1-100x100.jpg 100w\" sizes=\"(max-width: 1024px) 100vw, 1024px\" \/>\t\t\t\t\t\t\t\t<\/a>\n\t\t\t\t\t\t\t\t\t\t\t<figcaption class=\"widget-image-caption wp-caption-text\">Dutch Still Lifes<\/figcaption>\n\t\t\t\t\t\t\t\t\t\t<\/figure>\n\t\t\t\t\t\t\t\t\t<\/div>\n\t\t\t\t<\/div>\n\t\t\t\t\t<\/div>\n\t\t<\/div>\n\t\t\t\t\t<\/div>\n\t\t<\/section>\n\t\t\t\t<\/div>\n\t\t","protected":false},"excerpt":{"rendered":"<p>News Noc Wie\u017cowc\u00f3w w Q22 W sobot\u0119 31 maja o godzinie 18.00 w wie\u017cowcu Q22 w Warszawie odb\u0119dzie si\u0119 wernisa\u017c wystawy wierzowce_v2&#8230; Szybowce &#8211; wystawa w Teatrze Boto W niedziel\u0119 13 kwietnia o godzinie 19.00 w Teatrze Boto w Sopocie odb\u0119dzie si\u0119 wernisa\u017c wystawy Szybowce. Fryz Cukierniczy na VI Aukcji &hellip;<\/p>\n","protected":false},"author":1,"featured_media":0,"parent":0,"menu_order":0,"comment_status":"closed","ping_status":"closed","template":"","meta":{"_eb_attr":"","_monsterinsights_skip_tracking":false,"_monsterinsights_sitenote_active":false,"_monsterinsights_sitenote_note":"","_monsterinsights_sitenote_category":0,"_themeisle_gutenberg_block_has_review":false,"footnotes":""},"class_list":["post-496","page","type-page","status-publish","hentry"],"aioseo_notices":[],"_links":{"self":[{"href":"https:\/\/noemistaniszewska.pl\/index.php\/wp-json\/wp\/v2\/pages\/496","targetHints":{"allow":["GET"]}}],"collection":[{"href":"https:\/\/noemistaniszewska.pl\/index.php\/wp-json\/wp\/v2\/pages"}],"about":[{"href":"https:\/\/noemistaniszewska.pl\/index.php\/wp-json\/wp\/v2\/types\/page"}],"author":[{"embeddable":true,"href":"https:\/\/noemistaniszewska.pl\/index.php\/wp-json\/wp\/v2\/users\/1"}],"replies":[{"embeddable":true,"href":"https:\/\/noemistaniszewska.pl\/index.php\/wp-json\/wp\/v2\/comments?post=496"}],"version-history":[{"count":47,"href":"https:\/\/noemistaniszewska.pl\/index.php\/wp-json\/wp\/v2\/pages\/496\/revisions"}],"predecessor-version":[{"id":1343,"href":"https:\/\/noemistaniszewska.pl\/index.php\/wp-json\/wp\/v2\/pages\/496\/revisions\/1343"}],"wp:attachment":[{"href":"https:\/\/noemistaniszewska.pl\/index.php\/wp-json\/wp\/v2\/media?parent=496"}],"curies":[{"name":"wp","href":"https:\/\/api.w.org\/{rel}","templated":true}]}}