{"id":504,"date":"2020-01-07T16:38:22","date_gmt":"2020-01-07T16:38:22","guid":{"rendered":"http:\/\/noemistaniszewska.pl\/?page_id=504"},"modified":"2022-04-16T13:22:38","modified_gmt":"2022-04-16T13:22:38","slug":"elementor-504","status":"publish","type":"page","link":"https:\/\/noemistaniszewska.pl\/index.php\/en\/elementor-504\/","title":{"rendered":"Bio"},"content":{"rendered":"\t\t<div data-elementor-type=\"wp-page\" data-elementor-id=\"504\" class=\"elementor elementor-504\">\n\t\t\t\t\t\t<section class=\"elementor-section elementor-top-section elementor-element elementor-element-f797d3e elementor-section-boxed elementor-section-height-default elementor-section-height-default\" data-id=\"f797d3e\" data-element_type=\"section\" data-e-type=\"section\">\n\t\t\t\t\t\t<div class=\"elementor-container elementor-column-gap-default\">\n\t\t\t\t\t<div class=\"elementor-column elementor-col-100 elementor-top-column elementor-element elementor-element-6503ef9\" data-id=\"6503ef9\" data-element_type=\"column\" data-e-type=\"column\">\n\t\t\t<div class=\"elementor-widget-wrap elementor-element-populated\">\n\t\t\t\t\t\t<div class=\"elementor-element elementor-element-8719f8f elementor-widget elementor-widget-heading\" data-id=\"8719f8f\" data-element_type=\"widget\" data-e-type=\"widget\" data-widget_type=\"heading.default\">\n\t\t\t\t<div class=\"elementor-widget-container\">\n\t\t\t\t\t<h2 class=\"elementor-heading-title elementor-size-default\">Bio<\/h2>\t\t\t\t<\/div>\n\t\t\t\t<\/div>\n\t\t\t\t\t<\/div>\n\t\t<\/div>\n\t\t\t\t\t<\/div>\n\t\t<\/section>\n\t\t\t\t<section class=\"elementor-section elementor-top-section elementor-element elementor-element-4ae5907 elementor-section-boxed elementor-section-height-default elementor-section-height-default\" data-id=\"4ae5907\" data-element_type=\"section\" data-e-type=\"section\">\n\t\t\t\t\t\t<div class=\"elementor-container elementor-column-gap-default\">\n\t\t\t\t\t<div class=\"elementor-column elementor-col-100 elementor-top-column elementor-element elementor-element-fcaa9c3\" data-id=\"fcaa9c3\" data-element_type=\"column\" data-e-type=\"column\">\n\t\t\t<div class=\"elementor-widget-wrap elementor-element-populated\">\n\t\t\t\t\t\t<div class=\"elementor-element elementor-element-79c4eb2 elementor-widget elementor-widget-text-editor\" data-id=\"79c4eb2\" data-element_type=\"widget\" data-e-type=\"widget\" data-widget_type=\"text-editor.default\">\n\t\t\t\t<div class=\"elementor-widget-container\">\n\t\t\t\t\t\t\t\t\t<p>born in 1991, Gda\u0144sk (Poland)<br \/><br \/><strong>Education<\/strong><br \/><br \/>\u2022 PhD studies in visual arts filed at Academy of Fine Arts in Gda\u0144sk (Poland), started in 2017<br \/>\u2022 master degree in painting at Academy of Fine Arts in Gda\u0144sk (Poland), 2014<br \/>\u2022 exchange student at fine arts department at Royal Academy of Arts in Hague (Netherlands), 2013<br \/><br \/><strong>Solo exhibitions<\/strong><br \/><br \/>2016<br \/><br \/>\u2022 Distance\/Time, Galeria pod Baranami, Krak\u00f3w (Poland)<br \/><br \/><strong>Group exhibitions<\/strong><br \/><br \/>2017<br \/><br \/>\u2022 Premio Lynx, Scali della Fortezza Nuova, Livorno (Italy)<br \/>\u2022 Nowy Obraz\/Nowe Spojrzenie, Galeria Miejska Arsena\u0142, Pozna\u0144 (Poland)<br \/>\u2022 Nowy Obraz\/Nowe Spojrzenie, Miejski O\u015brodek Sztuki, Gorz\u00f3w Wielkopolski (Poland)<br \/><br \/>2016<br \/><br \/>\u2022 Premio Lynx, Lux Art Gallery, Triest (Italy)<br \/>\u2022 Premio Lynx, Lokarjeva Galerija , Ajdov\u0161\u010dina (Slovenia)<br \/>\u2022 Potok Sztuki \u2013 Pomeranian Biennale of Young Art, Sopot Centrum, Sopot (Poland)<br \/><br \/>2015<br \/><br \/>\u2022 Premio Combat Prize, Museo Civico G. Fattori, Livorno (Italy)<br \/>\u2022 9th Arte Laguna Prize, Nappe Arsenale, Venice (Italy)<br \/>\u2022 M\u0142ode Malastwo w Gda\u0144sku. Dyplomy 2014, Academy of Fine Arts, Gda\u0144sk (Poland)<br \/>\u2022 Promocje, Galeria Sztuki, Legnica (Poland)<br \/>\u2022 Ale Sztuka, Galeria Solvay, Krak\u00f3w (Poland)<br \/><br \/>2014<br \/><br \/>\u2022 Gda\u0144sk Biennale, GGM, Gda\u0144sk (Poland)<br \/>\u2022 ArtNoble, Bielnik, \u017byrard\u00f3w (Poland)<br \/>\u2022 Artystyczna podr\u00f3\u017c Hestii, Dom Towarowy Bracia Jab\u0142kowscy, Warsaw (Poland)<br \/>\u2022 BlackOut, IS Wyspa, Gda\u0144sk (Poland)<br \/>\u2022 Night, during The European museum night, Academy of Fine Arts, Gda\u0144sk (Poland)<br \/><br \/>2012<br \/><br \/>\u2022 Bliskoznacznie, Museum of Academy of Fine Arts, Wroc\u0142aw (Poland)<br \/>\u2022 Last Minute, Galeria Spotka\u0144 WOAK, Toru\u0144 (Poland)<br \/>\u2022 International Festival of Student&#8217;s Culture Artenalia, Pozna\u0144 (Poland)<br \/><br \/><strong>Achievements<\/strong><br \/><br \/>\u2022 short-listed artist at contest Celeste Prize, London (United Kingdom), 2017<br \/>\u2022 overall winner in painting section at 9th Arte Laguna Prize, Venice (Italy), 2015<br \/>\u2022 2nd prize at contest Ale Sztuka!, Krak\u00f3w (Poland), 2015<br \/>\u2022 one of the paintings included in the collection of National Museum in Gda\u0144sk, 2016<br \/><br \/><strong>Scholarships<\/strong><br \/><br \/>\u2022 scholarship of the Polish Ministry of Science and Higher Education, 2013-2014<br \/>\u2022 scholarship of the President of the City Gda\u0144sk, 2011-2014<br \/>\u2022 scholarship of the Rector of Acedemy of Fine Arts in Gda\u0144sk, 2010-2014<\/p>\t\t\t\t\t\t\t\t<\/div>\n\t\t\t\t<\/div>\n\t\t\t\t\t<\/div>\n\t\t<\/div>\n\t\t\t\t\t<\/div>\n\t\t<\/section>\n\t\t\t\t<\/div>\n\t\t","protected":false},"excerpt":{"rendered":"<p>Bio born in 1991, Gda\u0144sk (Poland) Education \u2022 PhD studies in visual arts filed at Academy of Fine Arts in Gda\u0144sk (Poland), started in 2017 \u2022 master degree in painting at Academy of Fine Arts in Gda\u0144sk (Poland), 2014 \u2022 exchange student at fine arts department at Royal Academy of &hellip;<\/p>\n","protected":false},"author":1,"featured_media":0,"parent":0,"menu_order":0,"comment_status":"closed","ping_status":"closed","template":"","meta":{"_eb_attr":"","_monsterinsights_skip_tracking":false,"_monsterinsights_sitenote_active":false,"_monsterinsights_sitenote_note":"","_monsterinsights_sitenote_category":0,"_themeisle_gutenberg_block_has_review":false,"footnotes":""},"class_list":["post-504","page","type-page","status-publish","hentry"],"aioseo_notices":[],"_links":{"self":[{"href":"https:\/\/noemistaniszewska.pl\/index.php\/wp-json\/wp\/v2\/pages\/504","targetHints":{"allow":["GET"]}}],"collection":[{"href":"https:\/\/noemistaniszewska.pl\/index.php\/wp-json\/wp\/v2\/pages"}],"about":[{"href":"https:\/\/noemistaniszewska.pl\/index.php\/wp-json\/wp\/v2\/types\/page"}],"author":[{"embeddable":true,"href":"https:\/\/noemistaniszewska.pl\/index.php\/wp-json\/wp\/v2\/users\/1"}],"replies":[{"embeddable":true,"href":"https:\/\/noemistaniszewska.pl\/index.php\/wp-json\/wp\/v2\/comments?post=504"}],"version-history":[{"count":6,"href":"https:\/\/noemistaniszewska.pl\/index.php\/wp-json\/wp\/v2\/pages\/504\/revisions"}],"predecessor-version":[{"id":513,"href":"https:\/\/noemistaniszewska.pl\/index.php\/wp-json\/wp\/v2\/pages\/504\/revisions\/513"}],"wp:attachment":[{"href":"https:\/\/noemistaniszewska.pl\/index.php\/wp-json\/wp\/v2\/media?parent=504"}],"curies":[{"name":"wp","href":"https:\/\/api.w.org\/{rel}","templated":true}]}}